{"id":590,"date":"2020-12-04T04:32:39","date_gmt":"2020-12-04T04:32:39","guid":{"rendered":"https:\/\/www.nouveau.edu.mx\/anahuac\/?page_id=590"},"modified":"2024-09-12T02:30:35","modified_gmt":"2024-09-12T02:30:35","slug":"preescolar","status":"publish","type":"page","link":"https:\/\/www.nouveau.edu.mx\/anahuac\/preescolar\/","title":{"rendered":"Preescolar"},"content":{"rendered":"<div class=\"slider-wrapper relative\" id=\"slider-660782066\" >\n    <div class=\"slider slider-nav-circle slider-nav-normal slider-nav-light slider-style-normal\"\n        data-flickity-options='{\n            \"cellAlign\": \"center\",\n            \"imagesLoaded\": true,\n            \"lazyLoad\": 1,\n            \"freeScroll\": false,\n            \"wrapAround\": true,\n            \"autoPlay\": 6000,\n            \"pauseAutoPlayOnHover\" : true,\n            \"prevNextButtons\": true,\n            \"contain\" : true,\n            \"adaptiveHeight\" : true,\n            \"dragThreshold\" : 10,\n            \"percentPosition\": true,\n            \"pageDots\": true,\n            \"rightToLeft\": false,\n            \"draggable\": true,\n            \"selectedAttraction\": 0.1,\n            \"parallax\" : 0,\n            \"friction\": 0.6        }'\n        >\n        \n\n  <div class=\"banner has-hover\" id=\"banner-282173045\">\n          <div class=\"banner-inner fill\">\n        <div class=\"banner-bg fill\" >\n            <div class=\"bg fill bg-fill \"><\/div>\n                                    \n                    <\/div>\n        <div class=\"banner-layers container\">\n            <div class=\"fill banner-link\"><\/div>            \n   <div id=\"text-box-1711355969\" class=\"text-box banner-layer x0 md-x0 lg-x0 y95 md-y50 lg-y50 res-text\">\n                                <div class=\"text \">\n              \n              <div class=\"text-inner text-left\">\n                  \n<div class=\"row row-small\"  id=\"row-1289979759\">\n\n\t<div id=\"col-554027199\" class=\"col col-spb medium-5 small-4 large-5\"  >\n\t\t<div class=\"col-inner\"  >\n\t\t\t\n\t\t\t\n\t<div class=\"img has-hover x md-x lg-x y md-y lg-y\" id=\"image_387052399\">\n\t\t\t\t\t\t\t\t<div class=\"img-inner dark\" >\n\t\t\t<img loading=\"lazy\" decoding=\"async\" width=\"975\" height=\"891\" src=\"https:\/\/www.nouveau.edu.mx\/anahuac\/wp-content\/uploads\/2024\/09\/icono-K-linea-blanca.png\" class=\"attachment-large size-large\" alt=\"\" srcset=\"https:\/\/www.nouveau.edu.mx\/anahuac\/wp-content\/uploads\/2024\/09\/icono-K-linea-blanca.png 975w, https:\/\/www.nouveau.edu.mx\/anahuac\/wp-content\/uploads\/2024\/09\/icono-K-linea-blanca-300x274.png 300w, https:\/\/www.nouveau.edu.mx\/anahuac\/wp-content\/uploads\/2024\/09\/icono-K-linea-blanca-768x702.png 768w\" sizes=\"(max-width: 975px) 100vw, 975px\" \/>\t\t\t\t\t\t\n\t\t\t\t\t<\/div>\n\t\t\t\t\t\t\t\t\n<style>\n#image_387052399 {\n  width: 100%;\n}\n<\/style>\n\t<\/div>\n\t\n\t\t<\/div>\n\t\t\n<style>\n#col-554027199 > .col-inner {\n  padding: 0 0px 0px 0px;\n  margin: 0 0px 0px 0px;\n}\n<\/style>\n\t<\/div>\n\n\t\n\n\t<div id=\"col-696029713\" class=\"col col-spb medium-7 small-8 large-7\"  >\n\t\t<div class=\"col-inner text-left\"  >\n\t\t\t\n\t\t\t\n<h6>Niveles Acad\u00e9micos<\/h6>\n<p class=\"h2\" style=\"margin: 0;\" data-line-height=\"m\"><span style=\"color: #222060;\"><strong>Preescolar<\/strong><\/span><\/p>\n\t\t<\/div>\n\t\t\n<style>\n#col-696029713 > .col-inner {\n  padding: 0 0px 0px 0px;\n  margin: 0 0px 0px 0px;\n}\n<\/style>\n\t<\/div>\n\n\t\n\n<style>\n#row-1289979759 > .col > .col-inner {\n  padding: 0 0px 0px 0px;\n}\n<\/style>\n<\/div>\n              <\/div>\n           <\/div>\n                            \n<style>\n#text-box-1711355969 .text {\n  background-color: rgba(255, 255, 255, 0.94);\n  border-radius: 40px;\n  font-size: 100%;\n}\n#text-box-1711355969 .text-inner {\n  padding: 30px 30px 30px 30px;\n}\n#text-box-1711355969 {\n  width: 90%;\n}\n@media (min-width:550px) {\n  #text-box-1711355969 {\n    width: 32%;\n  }\n}\n<\/style>\n    <\/div>\n \n        <\/div>\n      <\/div>\n\n            \n<style>\n#banner-282173045 {\n  padding-top: 437px;\n}\n#banner-282173045 .bg.bg-loaded {\n  background-image: url(https:\/\/www.nouveau.edu.mx\/anahuac\/wp-content\/uploads\/2024\/09\/banner-kinder.jpg);\n}\n#banner-282173045 .bg {\n  background-position: 67% 34%;\n}\n<\/style>\n  <\/div>\n\n\n     <\/div>\n\n     <div class=\"loading-spin dark large centered\"><\/div>\n\n     <\/div>\n\n\n\t<section class=\"section\" id=\"section_747456542\">\n\t\t<div class=\"bg section-bg fill bg-fill  bg-loaded\" >\n\n\t\t\t\n\t\t\t<div class=\"section-bg-overlay absolute fill\"><\/div>\n\t\t\t\n\n\t\t<\/div>\n\n\t\t<div class=\"section-content relative\">\n\t\t\t\n<div class=\"row row-large align-middle\"  id=\"row-1605044601\">\n\n\t<div id=\"col-1821981481\" class=\"col small-12 large-12\"  >\n\t\t<div class=\"col-inner text-left\"  >\n\t\t\t\n\t\t\t\n<p>Pasar de los mimos y atenciones de pap\u00e1 y mam\u00e1 a tener que compartir el tiempo con otros ni\u00f1os, tiene su lado positivo y para nada supone una amenaza en el desarrollo del peque\u00f1o. El nivel de maternal le inculcar\u00e1 conductas tan importantes en su vida como compartir las cosas o empezar a experimentar las primeras nociones de amistad.<\/p>\n<p>Los h\u00e1bitos b\u00e1sicos como el orden, la higiene, la alimentaci\u00f3n y el sue\u00f1o suponen el sustrato donde se asentar\u00e1n las destrezas sociales. La escolarizaci\u00f3n temprana ayuda a menores a consolidar patrones de conducta adecuados, ya que la actividad de cualquier escuela infantil incluye el desarrollo de habilidades por medio de la estimulaci\u00f3n, que prepara al cerebro para los aprendizajes posteriores. El desarrollo precoz del \u00e1rea del lenguaje, comprensi\u00f3n y expresi\u00f3n es capital para el desarrollo del resto de dimensiones.<\/p>\n<p>La curiosidad y el inter\u00e9s son los motores principales en el aprendizaje de ni\u00f1os peque\u00f1os. Durante la infancia el ni\u00f1o se conoce a s\u00ed mismo, al mundo que lo rodea y c\u00f3mo pueden sus acciones influir en \u00e9ste. El preescolar constituye un ambiente rico en experiencias y est\u00edmulos que ayudan a fomentar la curiosidad y el inter\u00e9s de explorar y aprender.<\/p>\n<p>Los ni\u00f1os tienen la oportunidad de relacionarse con otros ni\u00f1os y adultos distintos a los miembros de su familia. Las relaciones sociales en el preescolar se dan en un ambiente seguro y rico en est\u00edmulos que nutren a los ni\u00f1os y contribuyen en su desarrollo como ser social. En este sentido, aprender\u00e1n a compartir a esperar su turno, a hacer nuevos amigos, a regular y manejar sus pensamiento, emociones y acciones, a levantar la mano para hablar, a trabajar en grupo, y otras normas de comportamiento social que utilizar\u00e1n por el resto de sus vidas.<\/p>\n<p>A trav\u00e9s de las experiencias, los est\u00edmulos y el juego, los ni\u00f1os en el preescolar, tendr\u00e1n la oportunidad de desarrollar ideas y ponerlas en pr\u00e1ctica, solucionar problemas y descubrir cosas por s\u00ed mismos. La manipulaci\u00f3n de objetos, la interacci\u00f3n con otros y el juego estimulan la imaginaci\u00f3n y la creatividad, as\u00ed como el conocimiento de las causas y los efectos de los fen\u00f3menos que ocurren en su entorno. Tambi\u00e9n, aprender\u00e1n a tomar decisiones, a desarrollar habilidades de pre-escritura y lectura y comenzar\u00e1n a desarrollar las habilidades de pensamiento l\u00f3gico-matem\u00e1tico.<\/p>\n<p>La lectura de cuentos, las canciones, los poemas, y las conversaciones con pares y maestras ayudan al ni\u00f1os a desarrollar el lenguaje y a aumentar su vocabulario. Los ni\u00f1os aprenden a comunicarse con otros haciendo uso de frases y oraciones. Tambi\u00e9n, aprenden a escuchar y a utilizar y decodificar el lenguaje corporal presente en las conversaciones e interacciones.<\/p>\n\t\t<\/div>\n\t\t\t<\/div>\n\n\t\n<\/div>\n<div class=\"row\"  id=\"row-315923541\">\n\n\t<div id=\"col-742199867\" class=\"col col-spb small-12 large-12\"  >\n\t\t<div class=\"col-inner text-left dark\" style=\"background-color:#9a449d;\" >\n\t\t\t\n\t\t\t\n<div class=\"row align-middle\"  id=\"row-463362821\">\n\n\t<div id=\"col-1209140938\" class=\"col col-spb medium-9 small-12 large-9\"  >\n\t\t<div class=\"col-inner text-center\"  >\n\t\t\t\n\t\t\t\n<p class=\"uppercase my-0 h4\"><strong>Quiero ser parte de la familia nouveau<\/strong><\/p>\n\t\t<\/div>\n\t\t\t<\/div>\n\n\t\n\n\t<div id=\"col-1284291640\" class=\"col col-spb medium-3 small-12 large-3\"  >\n\t\t<div class=\"col-inner text-center\"  >\n\t\t\t\n\t\t\t\n<a class=\"button primary mb-0\"  >\n  <i class=\"icon-heart\" ><\/i>  <span>Click aqu\u00ed<\/span>\n  <\/a>\n\n\t\t<\/div>\n\t\t\t<\/div>\n\n\t\n<\/div>\n\t\t<\/div>\n\t\t\n<style>\n#col-742199867 > .col-inner {\n  padding: 24px 20px 24px 20px;\n}\n<\/style>\n\t<\/div>\n\n\t\n<\/div>\n\t\t<\/div>\n\n\t\t\n<style>\n#section_747456542 {\n  padding-top: 60px;\n  padding-bottom: 60px;\n  background-color: rgb(255, 255, 255);\n}\n#section_747456542 .section-bg-overlay {\n  background-color: rgba(255, 255, 255, 0.85);\n}\n<\/style>\n\t<\/section>\n\t\n","protected":false},"excerpt":{"rendered":"","protected":false},"author":2,"featured_media":0,"parent":0,"menu_order":0,"comment_status":"closed","ping_status":"closed","template":"page-blank.php","meta":{"footnotes":""},"class_list":["post-590","page","type-page","status-publish","hentry"],"_links":{"self":[{"href":"https:\/\/www.nouveau.edu.mx\/anahuac\/wp-json\/wp\/v2\/pages\/590"}],"collection":[{"href":"https:\/\/www.nouveau.edu.mx\/anahuac\/wp-json\/wp\/v2\/pages"}],"about":[{"href":"https:\/\/www.nouveau.edu.mx\/anahuac\/wp-json\/wp\/v2\/types\/page"}],"author":[{"embeddable":true,"href":"https:\/\/www.nouveau.edu.mx\/anahuac\/wp-json\/wp\/v2\/users\/2"}],"replies":[{"embeddable":true,"href":"https:\/\/www.nouveau.edu.mx\/anahuac\/wp-json\/wp\/v2\/comments?post=590"}],"version-history":[{"count":16,"href":"https:\/\/www.nouveau.edu.mx\/anahuac\/wp-json\/wp\/v2\/pages\/590\/revisions"}],"predecessor-version":[{"id":1015,"href":"https:\/\/www.nouveau.edu.mx\/anahuac\/wp-json\/wp\/v2\/pages\/590\/revisions\/1015"}],"wp:attachment":[{"href":"https:\/\/www.nouveau.edu.mx\/anahuac\/wp-json\/wp\/v2\/media?parent=590"}],"curies":[{"name":"wp","href":"https:\/\/api.w.org\/{rel}","templated":true}]}}