{"id":593,"date":"2020-12-04T04:34:22","date_gmt":"2020-12-04T04:34:22","guid":{"rendered":"https:\/\/www.nouveau.edu.mx\/anahuac\/?page_id=593"},"modified":"2024-09-12T02:43:12","modified_gmt":"2024-09-12T02:43:12","slug":"primaria","status":"publish","type":"page","link":"https:\/\/www.nouveau.edu.mx\/anahuac\/primaria\/","title":{"rendered":"Primaria"},"content":{"rendered":"<div class=\"slider-wrapper relative\" id=\"slider-478942168\" >\n    <div class=\"slider slider-nav-circle slider-nav-normal slider-nav-light slider-style-normal\"\n        data-flickity-options='{\n            \"cellAlign\": \"center\",\n            \"imagesLoaded\": true,\n            \"lazyLoad\": 1,\n            \"freeScroll\": false,\n            \"wrapAround\": true,\n            \"autoPlay\": 6000,\n            \"pauseAutoPlayOnHover\" : true,\n            \"prevNextButtons\": true,\n            \"contain\" : true,\n            \"adaptiveHeight\" : true,\n            \"dragThreshold\" : 10,\n            \"percentPosition\": true,\n            \"pageDots\": true,\n            \"rightToLeft\": false,\n            \"draggable\": true,\n            \"selectedAttraction\": 0.1,\n            \"parallax\" : 0,\n            \"friction\": 0.6        }'\n        >\n        \n\n  <div class=\"banner has-hover\" id=\"banner-1827461654\">\n          <div class=\"banner-inner fill\">\n        <div class=\"banner-bg fill\" >\n            <div class=\"bg fill bg-fill \"><\/div>\n                                    \n                    <\/div>\n        <div class=\"banner-layers container\">\n            <div class=\"fill banner-link\"><\/div>            \n   <div id=\"text-box-378857008\" class=\"text-box banner-layer x0 md-x0 lg-x0 y95 md-y50 lg-y50 res-text\">\n                                <div class=\"text \">\n              \n              <div class=\"text-inner text-left\">\n                  \n<div class=\"row row-small\"  id=\"row-2106044651\">\n\n\t<div id=\"col-724642790\" class=\"col col-spb medium-5 small-4 large-5\"  >\n\t\t<div class=\"col-inner\"  >\n\t\t\t\n\t\t\t\n\t<div class=\"img has-hover x md-x lg-x y md-y lg-y\" id=\"image_1334077296\">\n\t\t\t\t\t\t\t\t<div class=\"img-inner dark\" >\n\t\t\t<img loading=\"lazy\" decoding=\"async\" width=\"400\" height=\"400\" src=\"https:\/\/www.nouveau.edu.mx\/anahuac\/wp-content\/uploads\/2023\/04\/Nouveau-Elementary.png\" class=\"attachment-large size-large\" alt=\"\" srcset=\"https:\/\/www.nouveau.edu.mx\/anahuac\/wp-content\/uploads\/2023\/04\/Nouveau-Elementary.png 400w, https:\/\/www.nouveau.edu.mx\/anahuac\/wp-content\/uploads\/2023\/04\/Nouveau-Elementary-300x300.png 300w, https:\/\/www.nouveau.edu.mx\/anahuac\/wp-content\/uploads\/2023\/04\/Nouveau-Elementary-150x150.png 150w\" sizes=\"(max-width: 400px) 100vw, 400px\" \/>\t\t\t\t\t\t\n\t\t\t\t\t<\/div>\n\t\t\t\t\t\t\t\t\n<style>\n#image_1334077296 {\n  width: 100%;\n}\n<\/style>\n\t<\/div>\n\t\n\t\t<\/div>\n\t\t\t<\/div>\n\n\t\n\n\t<div id=\"col-1814724014\" class=\"col col-spb medium-7 small-8 large-7\"  >\n\t\t<div class=\"col-inner\"  >\n\t\t\t\n\t\t\t\n<h6>Niveles Acad\u00e9micos<\/h6>\n<p class=\"h2\" style=\"margin: 0;\" data-line-height=\"m\"><span style=\"color: #222060;\"><strong>Primaria<\/strong><\/span><\/p>\n\t\t<\/div>\n\t\t\t<\/div>\n\n\t\n<\/div>\n              <\/div>\n           <\/div>\n                            \n<style>\n#text-box-378857008 .text {\n  background-color: rgba(255, 255, 255, 0.94);\n  border-radius: 40px;\n  font-size: 100%;\n}\n#text-box-378857008 .text-inner {\n  padding: 30px 30px 30px 30px;\n}\n#text-box-378857008 {\n  width: 90%;\n}\n@media (min-width:550px) {\n  #text-box-378857008 {\n    width: 32%;\n  }\n}\n<\/style>\n    <\/div>\n \n        <\/div>\n      <\/div>\n\n            \n<style>\n#banner-1827461654 {\n  padding-top: 437px;\n}\n#banner-1827461654 .bg.bg-loaded {\n  background-image: url(https:\/\/www.nouveau.edu.mx\/anahuac\/wp-content\/uploads\/2024\/09\/nouveau-primaria-2024.jpg);\n}\n#banner-1827461654 .bg {\n  background-position: 76% 15%;\n}\n<\/style>\n  <\/div>\n\n\n     <\/div>\n\n     <div class=\"loading-spin dark large centered\"><\/div>\n\n     <\/div>\n\n\n\t<section class=\"section\" id=\"section_1380651816\">\n\t\t<div class=\"bg section-bg fill bg-fill  bg-loaded\" >\n\n\t\t\t\n\t\t\t<div class=\"section-bg-overlay absolute fill\"><\/div>\n\t\t\t\n\n\t\t<\/div>\n\n\t\t<div class=\"section-content relative\">\n\t\t\t\n<div class=\"row row-large align-middle\"  id=\"row-1365500497\">\n\n\t<div id=\"col-565569807\" class=\"col small-12 large-12\"  >\n\t\t<div class=\"col-inner text-left\"  >\n\t\t\t\n\t\t\t\n<p>Una de las instituciones sociales m\u00e1s importantes y completamente necesaria para:<\/p>\n<p>favorecer la inserci\u00f3n de los ni\u00f1os en la sociedad como adultos responsables y capaces de convivir con otros a pesar de las diferencias; es la escuela primaria, la cual da la oportunidad a los ni\u00f1os de adquirir los conocimientos b\u00e1sicos para comprender el mundo en que viven y desarrollar habilidades para el estudio y para la comunicaci\u00f3n.<\/p>\n<p>En esta bella etapa se forma el car\u00e1cter de los ni\u00f1os y con ello desarrollan habilidades que los hacen \u00fanicos e irrepetibles y les permitir\u00e1 adquirir herramientas para enfrentar su d\u00eda a d\u00eda durante el resto de su vida.<\/p>\n<p>En la primaria los ni\u00f1os aprenden a sumar, restar, multiplicar, leer, a comprender el entorno social, a realizar tareas, a trabajar en equipo a escuchar con atenci\u00f3n y as\u00ed logren aprender\u00a0 a tomar decisiones. Es en esta etapa en donde los ni\u00f1os se dan cuenta que pueden alcanzar metas, tener sue\u00f1os y el c\u00f3mo pueden hacerlos realidad.<\/p>\n<p>La interacci\u00f3n con ni\u00f1os de su edad es muy importante durante estos 6 a\u00f1os ya que brindan al ni\u00f1o seguridad y confianza en s\u00ed mismo, aqu\u00ed se establecen importantes lazos de amistad y compa\u00f1erismo.<\/p>\n<p>En la primaria los ni\u00f1os, descubren su potencial, forman su car\u00e1cter y desarrollan su autonom\u00eda.<\/p>\n\t\t<\/div>\n\t\t\t<\/div>\n\n\t\n<\/div>\n<div class=\"row\"  id=\"row-385501093\">\n\n\t<div id=\"col-1292344312\" class=\"col col-spb small-12 large-12\"  >\n\t\t<div class=\"col-inner text-left dark\" style=\"background-color:#9a449d;\" >\n\t\t\t\n\t\t\t\n<div class=\"row align-middle\"  id=\"row-125419423\">\n\n\t<div id=\"col-1499982628\" class=\"col col-spb medium-9 small-12 large-9\"  >\n\t\t<div class=\"col-inner text-center\"  >\n\t\t\t\n\t\t\t\n<p class=\"uppercase my-0 h4\"><strong>Quiero ser parte de la familia nouveau<\/strong><\/p>\n\t\t<\/div>\n\t\t\t<\/div>\n\n\t\n\n\t<div id=\"col-1373827949\" class=\"col col-spb medium-3 small-12 large-3\"  >\n\t\t<div class=\"col-inner text-center\"  >\n\t\t\t\n\t\t\t\n<a class=\"button primary mb-0\"  >\n  <i class=\"icon-heart\" ><\/i>  <span>Click aqu\u00ed<\/span>\n  <\/a>\n\n\t\t<\/div>\n\t\t\t<\/div>\n\n\t\n<\/div>\n\t\t<\/div>\n\t\t\n<style>\n#col-1292344312 > .col-inner {\n  padding: 24px 20px 24px 20px;\n}\n<\/style>\n\t<\/div>\n\n\t\n<\/div>\n\t\t<\/div>\n\n\t\t\n<style>\n#section_1380651816 {\n  padding-top: 60px;\n  padding-bottom: 60px;\n  background-color: rgb(255, 255, 255);\n}\n#section_1380651816 .section-bg-overlay {\n  background-color: rgba(255, 255, 255, 0.85);\n}\n<\/style>\n\t<\/section>\n\t\n","protected":false},"excerpt":{"rendered":"","protected":false},"author":2,"featured_media":0,"parent":0,"menu_order":0,"comment_status":"closed","ping_status":"closed","template":"page-blank.php","meta":{"footnotes":""},"class_list":["post-593","page","type-page","status-publish","hentry"],"_links":{"self":[{"href":"https:\/\/www.nouveau.edu.mx\/anahuac\/wp-json\/wp\/v2\/pages\/593"}],"collection":[{"href":"https:\/\/www.nouveau.edu.mx\/anahuac\/wp-json\/wp\/v2\/pages"}],"about":[{"href":"https:\/\/www.nouveau.edu.mx\/anahuac\/wp-json\/wp\/v2\/types\/page"}],"author":[{"embeddable":true,"href":"https:\/\/www.nouveau.edu.mx\/anahuac\/wp-json\/wp\/v2\/users\/2"}],"replies":[{"embeddable":true,"href":"https:\/\/www.nouveau.edu.mx\/anahuac\/wp-json\/wp\/v2\/comments?post=593"}],"version-history":[{"count":9,"href":"https:\/\/www.nouveau.edu.mx\/anahuac\/wp-json\/wp\/v2\/pages\/593\/revisions"}],"predecessor-version":[{"id":1017,"href":"https:\/\/www.nouveau.edu.mx\/anahuac\/wp-json\/wp\/v2\/pages\/593\/revisions\/1017"}],"wp:attachment":[{"href":"https:\/\/www.nouveau.edu.mx\/anahuac\/wp-json\/wp\/v2\/media?parent=593"}],"curies":[{"name":"wp","href":"https:\/\/api.w.org\/{rel}","templated":true}]}}