{"id":597,"date":"2020-12-04T04:35:51","date_gmt":"2020-12-04T04:35:51","guid":{"rendered":"https:\/\/www.nouveau.edu.mx\/anahuac\/?page_id=597"},"modified":"2024-09-12T15:46:30","modified_gmt":"2024-09-12T15:46:30","slug":"secundaria","status":"publish","type":"page","link":"https:\/\/www.nouveau.edu.mx\/anahuac\/secundaria\/","title":{"rendered":"Secundaria"},"content":{"rendered":"<div class=\"slider-wrapper relative\" id=\"slider-1827699175\" >\n    <div class=\"slider slider-nav-circle slider-nav-normal slider-nav-light slider-style-normal\"\n        data-flickity-options='{\n            \"cellAlign\": \"center\",\n            \"imagesLoaded\": true,\n            \"lazyLoad\": 1,\n            \"freeScroll\": false,\n            \"wrapAround\": true,\n            \"autoPlay\": 6000,\n            \"pauseAutoPlayOnHover\" : true,\n            \"prevNextButtons\": true,\n            \"contain\" : true,\n            \"adaptiveHeight\" : true,\n            \"dragThreshold\" : 10,\n            \"percentPosition\": true,\n            \"pageDots\": true,\n            \"rightToLeft\": false,\n            \"draggable\": true,\n            \"selectedAttraction\": 0.1,\n            \"parallax\" : 0,\n            \"friction\": 0.6        }'\n        >\n        \n\n  <div class=\"banner has-hover\" id=\"banner-282444330\">\n          <div class=\"banner-inner fill\">\n        <div class=\"banner-bg fill\" >\n            <div class=\"bg fill bg-fill \"><\/div>\n                                    \n                    <\/div>\n        <div class=\"banner-layers container\">\n            <div class=\"fill banner-link\"><\/div>            \n   <div id=\"text-box-1128633551\" class=\"text-box banner-layer x0 md-x0 lg-x0 y95 md-y50 lg-y50 res-text\">\n                                <div class=\"text \">\n              \n              <div class=\"text-inner text-left\">\n                  \n<div class=\"row row-small\"  id=\"row-1295201525\">\n\n\t<div id=\"col-903769838\" class=\"col col-spb medium-5 small-4 large-5\"  >\n\t\t<div class=\"col-inner\"  >\n\t\t\t\n\t\t\t\n\t<div class=\"img has-hover x md-x lg-x y md-y lg-y\" id=\"image_2012564439\">\n\t\t\t\t\t\t\t\t<div class=\"img-inner dark\" >\n\t\t\t<img loading=\"lazy\" decoding=\"async\" width=\"400\" height=\"400\" src=\"https:\/\/www.nouveau.edu.mx\/anahuac\/wp-content\/uploads\/2023\/04\/Nouveau-JunioHigh-2.png\" class=\"attachment-large size-large\" alt=\"\" srcset=\"https:\/\/www.nouveau.edu.mx\/anahuac\/wp-content\/uploads\/2023\/04\/Nouveau-JunioHigh-2.png 400w, https:\/\/www.nouveau.edu.mx\/anahuac\/wp-content\/uploads\/2023\/04\/Nouveau-JunioHigh-2-300x300.png 300w, https:\/\/www.nouveau.edu.mx\/anahuac\/wp-content\/uploads\/2023\/04\/Nouveau-JunioHigh-2-150x150.png 150w\" sizes=\"(max-width: 400px) 100vw, 400px\" \/>\t\t\t\t\t\t\n\t\t\t\t\t<\/div>\n\t\t\t\t\t\t\t\t\n<style>\n#image_2012564439 {\n  width: 100%;\n}\n@media (min-width:550px) {\n  #image_2012564439 {\n    width: 100%;\n  }\n}\n<\/style>\n\t<\/div>\n\t\n\t\t<\/div>\n\t\t\t<\/div>\n\n\t\n\n\t<div id=\"col-365563302\" class=\"col col-spb medium-7 small-8 large-7\"  >\n\t\t<div class=\"col-inner\"  >\n\t\t\t\n\t\t\t\n<h6>Niveles Acad\u00e9micos<\/h6>\n<p class=\"h2\" style=\"margin: 0;\" data-line-height=\"m\"><span style=\"color: #222060;\"><strong>Secundaria<\/strong><\/span><\/p>\n\t\t<\/div>\n\t\t\t<\/div>\n\n\t\n<\/div>\n              <\/div>\n           <\/div>\n                            \n<style>\n#text-box-1128633551 .text {\n  background-color: rgba(255, 255, 255, 0.94);\n  border-radius: 40px;\n  font-size: 100%;\n}\n#text-box-1128633551 .text-inner {\n  padding: 30px 30px 30px 30px;\n}\n#text-box-1128633551 {\n  width: 90%;\n}\n@media (min-width:550px) {\n  #text-box-1128633551 {\n    width: 40%;\n  }\n}\n@media (min-width:850px) {\n  #text-box-1128633551 {\n    width: 32%;\n  }\n}\n<\/style>\n    <\/div>\n \n        <\/div>\n      <\/div>\n\n            \n<style>\n#banner-282444330 {\n  padding-top: 437px;\n}\n#banner-282444330 .bg.bg-loaded {\n  background-image: url(https:\/\/www.nouveau.edu.mx\/anahuac\/wp-content\/uploads\/2024\/09\/nouveau-secundaria-2024.jpg);\n}\n#banner-282444330 .bg {\n  background-position: 76% 65%;\n}\n<\/style>\n  <\/div>\n\n\n     <\/div>\n\n     <div class=\"loading-spin dark large centered\"><\/div>\n\n     <\/div>\n\n\n\t<section class=\"section\" id=\"section_2134810789\">\n\t\t<div class=\"bg section-bg fill bg-fill  bg-loaded\" >\n\n\t\t\t\n\t\t\t<div class=\"section-bg-overlay absolute fill\"><\/div>\n\t\t\t\n\n\t\t<\/div>\n\n\t\t<div class=\"section-content relative\">\n\t\t\t\n<div class=\"row row-large align-middle\"  id=\"row-656947630\">\n\n\t<div id=\"col-1811585385\" class=\"col small-12 large-12\"  >\n\t\t<div class=\"col-inner text-left\"  >\n\t\t\t\n\t\t\t\n<p>La importancia de esta etapa educativa reside no s\u00f3lo en la adquisici\u00f3n de conocimientos, sino adem\u00e1s en las habilidades que se est\u00e1n perfeccionando, que abarcan tanto lo social y lo comunicacional como el temperamento, conceptos fundamentales para cualquier adolescente, m\u00e1s que todo por la naturaleza misma que esta etapa de crecimiento personal constituye para el ser humano.<\/p>\n<p>Por este motivo, conferir a la educaci\u00f3n secundaria la importancia que se merece dando como resultado j\u00f3venes altamente capacitados como personas y oportunamente preparados para la vida laboral en la edad adulta. Revisemos algunos de los aspectos m\u00e1s relevantes:<\/p>\n<p>En la secundaria los alumnos interact\u00faan de una manera m\u00e1s personal con otros, comienzan a abrir sus emociones, se vuelven m\u00e1s selectivos al hacer amistades, precisamente porque comienzan a formar su car\u00e1cter, su capacidad cr\u00edtica y reflexiva.<\/p>\n<p>La predominancia de una excelencia educativa es igualmente importante para la adolescencia, en la que se debe poner especial atenci\u00f3n en los j\u00f3venes. Una formaci\u00f3n integral contribuye a que comprendan a su debido tiempo las distintas disciplinas, las diversas formas que existen de interactuar con el mundo, las ciencias, las filosof\u00edas y las sociedades.<\/p>\n\t\t<\/div>\n\t\t\t<\/div>\n\n\t\n<\/div>\n<div class=\"row\"  id=\"row-143299731\">\n\n\t<div id=\"col-48073580\" class=\"col col-spb small-12 large-12\"  >\n\t\t<div class=\"col-inner text-left dark\" style=\"background-color:#9a449d;\" >\n\t\t\t\n\t\t\t\n<div class=\"row align-middle\"  id=\"row-1944889138\">\n\n\t<div id=\"col-1843263939\" class=\"col col-spb medium-9 small-12 large-9\"  >\n\t\t<div class=\"col-inner text-center\"  >\n\t\t\t\n\t\t\t\n<p class=\"uppercase my-0 h4\"><strong>Quiero ser parte de la familia nouveau<\/strong><\/p>\n\t\t<\/div>\n\t\t\t<\/div>\n\n\t\n\n\t<div id=\"col-1838984909\" class=\"col col-spb medium-3 small-12 large-3\"  >\n\t\t<div class=\"col-inner text-center\"  >\n\t\t\t\n\t\t\t\n<a class=\"button primary mb-0\"  >\n  <i class=\"icon-heart\" ><\/i>  <span>Click aqu\u00ed<\/span>\n  <\/a>\n\n\t\t<\/div>\n\t\t\t<\/div>\n\n\t\n<\/div>\n\t\t<\/div>\n\t\t\n<style>\n#col-48073580 > .col-inner {\n  padding: 24px 20px 24px 20px;\n}\n<\/style>\n\t<\/div>\n\n\t\n<\/div>\n\t\t<\/div>\n\n\t\t\n<style>\n#section_2134810789 {\n  padding-top: 60px;\n  padding-bottom: 60px;\n  background-color: rgb(255, 255, 255);\n}\n#section_2134810789 .section-bg-overlay {\n  background-color: rgba(255, 255, 255, 0.85);\n}\n<\/style>\n\t<\/section>\n\t\n","protected":false},"excerpt":{"rendered":"","protected":false},"author":2,"featured_media":0,"parent":0,"menu_order":0,"comment_status":"closed","ping_status":"closed","template":"page-blank.php","meta":{"footnotes":""},"class_list":["post-597","page","type-page","status-publish","hentry"],"_links":{"self":[{"href":"https:\/\/www.nouveau.edu.mx\/anahuac\/wp-json\/wp\/v2\/pages\/597"}],"collection":[{"href":"https:\/\/www.nouveau.edu.mx\/anahuac\/wp-json\/wp\/v2\/pages"}],"about":[{"href":"https:\/\/www.nouveau.edu.mx\/anahuac\/wp-json\/wp\/v2\/types\/page"}],"author":[{"embeddable":true,"href":"https:\/\/www.nouveau.edu.mx\/anahuac\/wp-json\/wp\/v2\/users\/2"}],"replies":[{"embeddable":true,"href":"https:\/\/www.nouveau.edu.mx\/anahuac\/wp-json\/wp\/v2\/comments?post=597"}],"version-history":[{"count":10,"href":"https:\/\/www.nouveau.edu.mx\/anahuac\/wp-json\/wp\/v2\/pages\/597\/revisions"}],"predecessor-version":[{"id":1025,"href":"https:\/\/www.nouveau.edu.mx\/anahuac\/wp-json\/wp\/v2\/pages\/597\/revisions\/1025"}],"wp:attachment":[{"href":"https:\/\/www.nouveau.edu.mx\/anahuac\/wp-json\/wp\/v2\/media?parent=597"}],"curies":[{"name":"wp","href":"https:\/\/api.w.org\/{rel}","templated":true}]}}