{"id":922,"date":"2022-11-02T15:34:35","date_gmt":"2022-11-02T15:34:35","guid":{"rendered":"https:\/\/www.nouveau.edu.mx\/anahuac\/?page_id=922"},"modified":"2022-11-02T15:46:11","modified_gmt":"2022-11-02T15:46:11","slug":"aviso-de-privacidad","status":"publish","type":"page","link":"https:\/\/www.nouveau.edu.mx\/anahuac\/aviso-de-privacidad\/","title":{"rendered":"AVISO DE PRIVACIDAD"},"content":{"rendered":"\t<section class=\"section\" id=\"section_1602862319\">\n\t\t<div class=\"bg section-bg fill bg-fill  bg-loaded\" >\n\n\t\t\t\n\t\t\t\n\t\t\t\n\n\t\t<\/div>\n\n\t\t<div class=\"section-content relative\">\n\t\t\t\n<div class=\"row align-middle\"  id=\"row-1761305763\">\n\n\t<div id=\"col-1276273382\" class=\"col small-12 large-12\"  >\n\t\t<div class=\"col-inner\"  >\n\t\t\t\n\t\t\t\n<div class=\"container section-title-container\" ><h2 class=\"section-title section-title-normal\"><b><\/b><span class=\"section-title-main\" style=\"color:rgb(34, 32, 96);\">AVISO DE PRIVACIDAD<\/span><b><\/b><\/h2><\/div>\n\t\t<\/div>\n\t\t\t<\/div>\n\n\t\n\n\t<div id=\"col-456925585\" class=\"col small-12 large-12\"  >\n\t\t<div class=\"col-inner\"  >\n\t\t\t\n\t\t\t\n<p class=\"text-justify h5\">Fecha de la \u00faltima actualizaci\u00f3n: 24 de Julio de 2020.<\/p>\n<p class=\"text-justify h5\">Nouveau International School, es responsable de recabar sus datos personales, del uso que se le d\u00e9 a los mismos y de su protecci\u00f3n. Nouveau International School podr\u00e1 recabar adicionalmente el registro federal de contribuyentes. Su informaci\u00f3n personal ser\u00e1 utilizada para informarle los servicios y\/o productos que ofrecemos, as\u00ed como informarle sobre cambios en los mismos y evaluar la calidad del servicio que le brindamos.<\/p>\n<p class=\"text-justify h5\">De igual forma, esta p\u00e1gina de Internet puede utilizar cookies que env\u00edan informaci\u00f3n a su computadora mientras que navega en nuestra p\u00e1gina. Los cookies son \u00fanicos a su computadora y permiten al servidor de Internet recabar informaci\u00f3n que har\u00e1n que su uso de la p\u00e1gina sea m\u00e1s f\u00e1cil y conveniente. Los cookies a\u00f1aden conveniencia que le permiten ahorrar tiempo cuando regresa a esta p\u00e1gina. \u00danicamente pueden ser registrados por su servidor de Internet en el dominio que le emiti\u00f3 el cookie. Los cookies no pueden ser utilizados para operar programas o ingresar virus a su computadora. Usamos cookies para obtener informaci\u00f3n no personal de visitantes en l\u00ednea. Los cookies rastrean el tipo de navegador, sistema operativo y prestador de servicios de Internet y nos permiten tabular el n\u00famero total de visitantes en nuestra p\u00e1gina. Usted puede desactivar el cookie en su computadora o programarla para avisarle cuando se le env\u00edan cookies mediante el icono de preferencias de su navegador.<\/p>\n<p class=\"text-justify h5\">Usted tiene derecho de acceder, rectificar y cancelar sus datos personales, as\u00ed como de oponerse al tratamiento de los mismos o revocar el consentimiento que para tal fin nos haya otorgado, a trav\u00e9s del personal de oficina de su campus.<\/p>\n<p class=\"text-justify h5\">El Marco Jur\u00eddico del presente Aviso de Privacidad se encuadra en la Ley Federal de Protecci\u00f3n de Datos Personales en Posesi\u00f3n de los Particulares.<\/p>\n\t\t<\/div>\n\t\t\t<\/div>\n\n\t\n<\/div>\n\t\t<\/div>\n\n\t\t\n<style>\n#section_1602862319 {\n  padding-top: 39px;\n  padding-bottom: 39px;\n}\n@media (min-width:550px) {\n  #section_1602862319 {\n    padding-top: 62px;\n    padding-bottom: 62px;\n  }\n}\n@media (min-width:850px) {\n  #section_1602862319 {\n    padding-top: 30px;\n    padding-bottom: 30px;\n  }\n}\n<\/style>\n\t<\/section>\n\t\n\t<section class=\"section hide-for-small has-parallax\" id=\"section_1102206275\">\n\t\t<div class=\"bg section-bg fill bg-fill  \" data-parallax-container=\".section\" data-parallax-background data-parallax=\"-6\">\n\n\t\t\t\n\t\t\t<div class=\"section-bg-overlay absolute fill\"><\/div>\n\t\t\t\n\n\t\t<\/div>\n\n\t\t<div class=\"section-content relative\">\n\t\t\t\n\t<div id=\"gap-78473636\" class=\"gap-element clearfix\" style=\"display:block; height:auto;\">\n\t\t\n<style>\n#gap-78473636 {\n  padding-top: 30px;\n}\n<\/style>\n\t<\/div>\n\t\n<div class=\"row row-full-width px-0 mx-0\"  id=\"row-1374990112\">\n\n\t<div id=\"col-441753344\" class=\"col col-spb px-0 small-12 large-12\"  >\n\t\t<div class=\"col-inner\"  >\n\t\t\t\n\t\t\t\n\n\t<script type=\"text\/javascript\">\n  jQuery( document ).ready(function() {\n    function initialize() {\n        var styles = {\n            'flatsome':  [{\n            \"featureType\": \"administrative\",\n            \"stylers\": [\n              { \"visibility\": \"on\" }\n            ]\n          },\n          {\n            \"featureType\": \"road\",\n            \"stylers\": [\n              { \"visibility\": \"on\" },\n              { \"hue\": \"\" }\n            ]\n          },\n          {\n            \"stylers\": [\n\t\t\t  { \"visibility\": \"on\" },\n\t\t\t  { \"hue\": \"\" },\n\t\t\t  { \"saturation\": -100 }\n            ]\n          }\n        ]};\n\n        var myLatlng = new google.maps.LatLng(25.78856, -100.27383);\n        var myOptions = {\n            zoom: 16,\n            center: myLatlng,\n            mapTypeId: google.maps.MapTypeId.ROADMAP,\n            disableDefaultUI: true,\n            mapTypeId: 'flatsome',\n            draggable: true,\n            zoomControl: true,\n            zoomControlOptions: {\n              position: google.maps.ControlPosition.TOP_LEFT\n            },\n      \t\t\t\/\/ panControl: true,\n            \/\/ panControlOptions: {\n            \/\/   position: google.maps.ControlPosition.TOP_LEFT\n            \/\/ },\n      \t\t\tmapTypeControl: false,\n            mapTypeControlOptions: {\n              position: google.maps.ControlPosition.TOP_LEFT\n            },\n      \t\t\t\/\/ scaleControl: true,\n            \/\/ scaleControlOptions: {\n            \/\/   position: google.maps.ControlPosition.TOP_LEFT\n            \/\/ },\n      \t\t\tstreetViewControl: true,\n            streetViewControlOptions: {\n              position: google.maps.ControlPosition.TOP_LEFT\n            },\n      \t\t\t\/\/ overviewMapControl: true,\n            \/\/ overviewMapControlOptions: {\n            \/\/   position: google.maps.ControlPosition.TOP_LEFT\n            \/\/ },\n            scrollwheel: false,\n            disableDoubleClickZoom: true\n        }\n        var map = new google.maps.Map(document.getElementById(\"map-258989955-inner\"), myOptions);\n        var styledMapType = new google.maps.StyledMapType(styles['flatsome'], {name: 'flatsome'});\n        map.mapTypes.set('flatsome', styledMapType);\n\n        var marker = new google.maps.Marker({\n            position: myLatlng,\n            map: map,\n            title:\"\"\n        });\n    }\n\n    \/\/ Required to proceed\n    if (!(typeof google === 'object' && typeof google.maps === 'object')) {\n      return\n    }\n\n    google.maps.event.addDomListener(window, 'load', initialize);\n    google.maps.event.addDomListener(window, 'resize', initialize);\n    });\n    <\/script>\n\n    <div class=\"google-map relative mb map-nouveau\" id=\"map-258989955\">\n        <div class=\"map-height\" id=\"map-258989955-inner\"><\/div>\n        <div id=\"map_overlay_top\"><\/div>\n        <div id=\"map_overlay_bottom\"><\/div>\n                  <div class=\"map_inner map-inner last-reset absolute x100 md-x80 lg-x80 y100 md-y100 lg-y100\">\n              \n<div class=\"row\"  id=\"row-498835555\">\n\n\t<div id=\"col-1792816230\" class=\"col col-spb small-12 large-12\"  >\n\t\t<div class=\"col-inner dark\"  >\n\t\t\t\n\t\t\t\n<p class=\"font-lemon my-2 h2\">Contacto<\/p>\n\t<div id=\"gap-180311832\" class=\"gap-element clearfix\" style=\"display:block; height:auto;\">\n\t\t\n<style>\n#gap-180311832 {\n  padding-top: 20px;\n}\n<\/style>\n\t<\/div>\n\t\n\n\t<a class=\"plain\" href=\"tel:8184483121\" target=\"_blank\" rel=\"noopener noreferrer\" >\t<div class=\"icon-box featured-box animation1 icon-box-left text-left\"  >\n\t\t\t\t\t<div class=\"icon-box-img\" style=\"width: 60px\">\n\t\t\t\t<div class=\"icon\">\n\t\t\t\t\t<div class=\"icon-inner\" >\n\t\t\t\t\t\t<img loading=\"lazy\" decoding=\"async\" width=\"300\" height=\"299\" src=\"https:\/\/www.nouveau.edu.mx\/anahuac\/wp-content\/uploads\/2020\/10\/icon_telefono.png\" class=\"attachment-medium size-medium\" alt=\"icon telefono\" srcset=\"https:\/\/www.nouveau.edu.mx\/anahuac\/wp-content\/uploads\/2020\/10\/icon_telefono.png 301w, https:\/\/www.nouveau.edu.mx\/anahuac\/wp-content\/uploads\/2020\/10\/icon_telefono-150x150.png 150w\" sizes=\"(max-width: 300px) 100vw, 300px\" \/>\t\t\t\t\t<\/div>\n\t\t\t\t<\/div>\n\t\t\t<\/div>\n\t\t\t\t<div class=\"icon-box-text last-reset\">\n\t\t\t\t\t\t\t\t\t\n<p class=\"ml-2 my-0 h6\"><a href=\"tel:8184483121\" target=\"_blank\" rel=\"noopener noreferrer\">Ll\u00e1manos:<\/a><\/p>\n<p class=\"ml-2 my-0 h3\"><a href=\"tel:8184483121\" target=\"_blank\" rel=\"noopener noreferrer\"><strong>81.8448.3121<\/strong><\/a><\/p>\n\t\t<\/div>\n\t<\/div>\n\t<\/a>\n\t\n\t<div id=\"gap-1790904707\" class=\"gap-element clearfix\" style=\"display:block; height:auto;\">\n\t\t\n<style>\n#gap-1790904707 {\n  padding-top: 20px;\n}\n<\/style>\n\t<\/div>\n\t\n\n\t<a class=\"plain\" href=\"mailto:anahuac@nouveau.edu.mx\" target=\"_blank\" rel=\"noopener noreferrer\" >\t<div class=\"icon-box featured-box animation1 icon-box-left text-left\"  >\n\t\t\t\t\t<div class=\"icon-box-img\" style=\"width: 60px\">\n\t\t\t\t<div class=\"icon\">\n\t\t\t\t\t<div class=\"icon-inner\" >\n\t\t\t\t\t\t<img loading=\"lazy\" decoding=\"async\" width=\"299\" height=\"300\" src=\"https:\/\/www.nouveau.edu.mx\/anahuac\/wp-content\/uploads\/2020\/10\/icon_email-13.png\" class=\"attachment-medium size-medium\" alt=\"icon email\" srcset=\"https:\/\/www.nouveau.edu.mx\/anahuac\/wp-content\/uploads\/2020\/10\/icon_email-13.png 300w, https:\/\/www.nouveau.edu.mx\/anahuac\/wp-content\/uploads\/2020\/10\/icon_email-13-150x150.png 150w\" sizes=\"(max-width: 299px) 100vw, 299px\" \/>\t\t\t\t\t<\/div>\n\t\t\t\t<\/div>\n\t\t\t<\/div>\n\t\t\t\t<div class=\"icon-box-text last-reset\">\n\t\t\t\t\t\t\t\t\t\n<p class=\"ml-2 my-0 h6\"><a href=\"mailto:anahuac@nouveau.edu.mx\" target=\"_blank\" rel=\"noopener noreferrer\">anahuac@nouveau.edu.mx<\/a><\/p>\n<p class=\"ml-2 my-0 h3\"><a href=\"mailto:anahuac@nouveau.edu.mx\" target=\"_blank\" rel=\"noopener noreferrer\"><strong>Escr\u00edbenos<\/strong><\/a><\/p>\n\t\t<\/div>\n\t<\/div>\n\t<\/a>\n\t\n\t<div id=\"gap-995263124\" class=\"gap-element clearfix\" style=\"display:block; height:auto;\">\n\t\t\n<style>\n#gap-995263124 {\n  padding-top: 20px;\n}\n<\/style>\n\t<\/div>\n\t\n\n\t<a class=\"plain\" href=\"https:\/\/www.google.com\/maps\/place\/\/data=!4m2!3m1!1s0x86629345cd9324c9:0x99795f840097e5d1?source=g.page.share\" target=\"_blank\" rel=\"noopener noreferrer\" >\t<div class=\"icon-box featured-box animation1 icon-box-left text-left\"  >\n\t\t\t\t\t<div class=\"icon-box-img\" style=\"width: 60px\">\n\t\t\t\t<div class=\"icon\">\n\t\t\t\t\t<div class=\"icon-inner\" >\n\t\t\t\t\t\t<img loading=\"lazy\" decoding=\"async\" width=\"300\" height=\"300\" src=\"https:\/\/www.nouveau.edu.mx\/anahuac\/wp-content\/uploads\/2020\/10\/icon_map-marker.png\" class=\"attachment-medium size-medium\" alt=\"icon mar marker\" srcset=\"https:\/\/www.nouveau.edu.mx\/anahuac\/wp-content\/uploads\/2020\/10\/icon_map-marker.png 301w, https:\/\/www.nouveau.edu.mx\/anahuac\/wp-content\/uploads\/2020\/10\/icon_map-marker-150x150.png 150w\" sizes=\"(max-width: 300px) 100vw, 300px\" \/>\t\t\t\t\t<\/div>\n\t\t\t\t<\/div>\n\t\t\t<\/div>\n\t\t\t\t<div class=\"icon-box-text last-reset\">\n\t\t\t\t\t\t\t\t\t\n<p class=\"ml-2 my-0 h6\"><a href=\"https:\/\/g.page\/NouveauAnahuac?share\" target=\"_blank\" rel=\"noopener noreferrer\">Rep\u00fablica Mexicana #1110<\/a><\/p>\n<p class=\"ml-2 my-0 h3\"><a href=\"https:\/\/g.page\/NouveauAnahuac?share\" target=\"_blank\" rel=\"noopener noreferrer\"><strong>Col. Paraje An\u00e1huac<\/strong><\/a><\/p>\n\t\t<\/div>\n\t<\/div>\n\t<\/a>\n\t\n\t\t<\/div>\n\t\t\n<style>\n#col-1792816230 > .col-inner {\n  padding: 26px 0px 26px 0px;\n}\n<\/style>\n\t<\/div>\n\n\t\n<\/div>\n         <\/div>\n       \n       \n<style>\n#map-258989955 .map-inner {\n  background-color: rgb(34, 32, 96);\n  max-width: 100%;\n}\n#map-258989955 .map-height {\n  height: 400px;\n}\n@media (min-width:550px) {\n  #map-258989955 .map-inner {\n    max-width: 40%;\n  }\n}\n@media (min-width:850px) {\n  #map-258989955 .map-inner {\n    max-width: 56%;\n  }\n}\n<\/style>\n    <\/div>\n\n\t\n\t\t<\/div>\n\t\t\t<\/div>\n\n\t\n<\/div>\n\t\t<\/div>\n\n\t\t\n<style>\n#section_1102206275 {\n  padding-top: 0px;\n  padding-bottom: 0px;\n}\n#section_1102206275 .section-bg-overlay {\n  background-color: rgba(255, 255, 255, 0.41);\n}\n#section_1102206275 .section-bg.bg-loaded {\n  background-image: url(https:\/\/www.nouveau.edu.mx\/anahuac\/wp-content\/uploads\/2020\/10\/bg-figures-nouveau.jpg);\n}\n<\/style>\n\t<\/section>\n\t\n","protected":false},"excerpt":{"rendered":"","protected":false},"author":2,"featured_media":0,"parent":0,"menu_order":0,"comment_status":"closed","ping_status":"closed","template":"page-blank.php","meta":{"footnotes":""},"class_list":["post-922","page","type-page","status-publish","hentry"],"_links":{"self":[{"href":"https:\/\/www.nouveau.edu.mx\/anahuac\/wp-json\/wp\/v2\/pages\/922"}],"collection":[{"href":"https:\/\/www.nouveau.edu.mx\/anahuac\/wp-json\/wp\/v2\/pages"}],"about":[{"href":"https:\/\/www.nouveau.edu.mx\/anahuac\/wp-json\/wp\/v2\/types\/page"}],"author":[{"embeddable":true,"href":"https:\/\/www.nouveau.edu.mx\/anahuac\/wp-json\/wp\/v2\/users\/2"}],"replies":[{"embeddable":true,"href":"https:\/\/www.nouveau.edu.mx\/anahuac\/wp-json\/wp\/v2\/comments?post=922"}],"version-history":[{"count":2,"href":"https:\/\/www.nouveau.edu.mx\/anahuac\/wp-json\/wp\/v2\/pages\/922\/revisions"}],"predecessor-version":[{"id":924,"href":"https:\/\/www.nouveau.edu.mx\/anahuac\/wp-json\/wp\/v2\/pages\/922\/revisions\/924"}],"wp:attachment":[{"href":"https:\/\/www.nouveau.edu.mx\/anahuac\/wp-json\/wp\/v2\/media?parent=922"}],"curies":[{"name":"wp","href":"https:\/\/api.w.org\/{rel}","templated":true}]}}