{"id":526,"date":"2020-12-04T03:40:28","date_gmt":"2020-12-04T03:40:28","guid":{"rendered":"https:\/\/www.nouveau.edu.mx\/apodaca\/?page_id=526"},"modified":"2021-05-01T17:55:33","modified_gmt":"2021-05-01T17:55:33","slug":"entrepreneur-program","status":"publish","type":"page","link":"https:\/\/www.nouveau.edu.mx\/apodaca\/entrepreneur-program\/","title":{"rendered":"Entrepreneur Program"},"content":{"rendered":"\t<section class=\"section\" id=\"section_202827479\">\n\t\t<div class=\"bg section-bg fill bg-fill  bg-loaded\" >\n\n\t\t\t\n\t\t\t<div class=\"section-bg-overlay absolute fill\"><\/div>\n\t\t\t\n\n\t\t<\/div>\n\n\t\t<div class=\"section-content relative\">\n\t\t\t\n<div class=\"row\"  id=\"row-210401938\">\n\n\t<div id=\"col-2124477762\" class=\"col medium-5 small-12 large-5\"  >\n\t\t<div class=\"col-inner\"  >\n\t\t\t\n\t\t\t\n\t<div class=\"img has-hover x md-x lg-x y md-y lg-y\" id=\"image_1150826942\">\n\t\t\t\t\t\t\t\t<div class=\"img-inner dark\" >\n\t\t\t<img loading=\"lazy\" decoding=\"async\" width=\"600\" height=\"600\" src=\"https:\/\/www.nouveau.edu.mx\/apodaca\/wp-content\/uploads\/2020\/12\/Entrepreneur-Program-2.jpg\" class=\"attachment-original size-original\" alt=\"\" srcset=\"https:\/\/www.nouveau.edu.mx\/apodaca\/wp-content\/uploads\/2020\/12\/Entrepreneur-Program-2.jpg 600w, https:\/\/www.nouveau.edu.mx\/apodaca\/wp-content\/uploads\/2020\/12\/Entrepreneur-Program-2-300x300.jpg 300w, https:\/\/www.nouveau.edu.mx\/apodaca\/wp-content\/uploads\/2020\/12\/Entrepreneur-Program-2-150x150.jpg 150w\" sizes=\"(max-width: 600px) 100vw, 600px\" \/>\t\t\t\t\t\t\n\t\t\t\t\t<\/div>\n\t\t\t\t\t\t\t\t\n<style>\n#image_1150826942 {\n  width: 100%;\n}\n<\/style>\n\t<\/div>\n\t\n\t\t<\/div>\n\t\t\t<\/div>\n\n\t\n\n\t<div id=\"col-1749300910\" class=\"col medium-7 small-12 large-7\"  >\n\t\t<div class=\"col-inner\"  >\n\t\t\t\n\t\t\t\n<p class=\"h2\" data-line-height=\"m\"><span style=\"color: #222060;\"><strong>Entrepreneur Program<\/strong><\/span><\/p>\n<p><span style=\"font-weight: 400;\">En nuestra incubadora de negocios, contamos con nuestro programa: Emprendedor.<\/span><\/p>\n<p><span style=\"font-weight: 400;\">El esp\u00edritu emprendedor no es s\u00f3lo cuesti\u00f3n de personalidad, un simple patr\u00f3n de comportamiento, o un tipo de mentalidad orientada a las ganancias; es verdaderamente un estilo de vida que se refleja en las personas que desean hacer cambios en sus vidas para mejorarlas, y definitivamente su iniciativa, tendr\u00e1 una influencia e impacto en todas las personas que se encuentren en su trayectoria emprendedora.<\/span><\/p>\n<p><span style=\"font-weight: 400;\">Los objetivos principales son:\u00a0<\/span><\/p>\n<ul>\n<li style=\"font-weight: 400;\" aria-level=\"1\"><span style=\"font-weight: 400;\">Preparaci\u00f3n para crear empresas.<\/span><\/li>\n<li style=\"font-weight: 400;\" aria-level=\"1\"><span style=\"font-weight: 400;\">Pensar de manera innovadora<\/span><\/li>\n<li style=\"font-weight: 400;\" aria-level=\"1\"><span style=\"font-weight: 400;\">Crear habilidades<\/span><\/li>\n<li style=\"font-weight: 400;\" aria-level=\"1\"><span style=\"font-weight: 400;\">Desarrollar iniciativas<\/span><\/li>\n<li style=\"font-weight: 400;\" aria-level=\"1\"><span style=\"font-weight: 400;\">Ser m\u00e1s creativos y seguros de s\u00ed mismo.<\/span><\/li>\n<li style=\"font-weight: 400;\" aria-level=\"1\"><span style=\"font-weight: 400;\">Conocimiento y experiencia en la materia<\/span><\/li>\n<\/ul>\n<p><span style=\"font-weight: 400;\">Somos un colegio Certificado como \u201cBUSINESS SCHOOL\u201d a trav\u00e9s del programa\u00a0 IntruePreneur ALAR Advantage.<\/span><\/p>\n<p><span style=\"font-weight: 400;\">Nuestros alumnos adquieren un sello distintivo<\/span><b> Emprendedor<\/b><span style=\"font-weight: 400;\"> y gracias a este sello nuestros alumnos tienen futuros exitosos.<\/span><\/p>\n<p><b>Esta clase se imparte desde 3\u00b0 de Kinder<\/b><\/p>\n\t\t<\/div>\n\t\t\t<\/div>\n\n\t\n<\/div>\n<div class=\"row\"  id=\"row-1579858345\">\n\n\t<div id=\"col-2092850781\" class=\"col col-spb small-12 large-12\"  >\n\t\t<div class=\"col-inner text-left dark\" style=\"background-color:#9a449d;\" >\n\t\t\t\n\t\t\t\n<div class=\"row align-middle\"  id=\"row-377618991\">\n\n\t<div id=\"col-434041635\" class=\"col col-spb medium-9 small-12 large-9\"  >\n\t\t<div class=\"col-inner text-center\"  >\n\t\t\t\n\t\t\t\n<p class=\"uppercase my-0 h4\"><strong>Quiero ser parte de la familia nouveau<\/strong><\/p>\n\t\t<\/div>\n\t\t\t<\/div>\n\n\t\n\n\t<div id=\"col-1823011846\" class=\"col col-spb medium-3 small-12 large-3\"  >\n\t\t<div class=\"col-inner text-center\"  >\n\t\t\t\n\t\t\t\n<a class=\"button primary mb-0\"  >\n  <i class=\"icon-heart\" ><\/i>  <span>Click aqu\u00ed<\/span>\n  <\/a>\n\n\t\t<\/div>\n\t\t\t<\/div>\n\n\t\n<\/div>\n\t\t<\/div>\n\t\t\n<style>\n#col-2092850781 > .col-inner {\n  padding: 24px 20px 24px 20px;\n}\n<\/style>\n\t<\/div>\n\n\t\n<\/div>\n\t\t<\/div>\n\n\t\t\n<style>\n#section_202827479 {\n  padding-top: 60px;\n  padding-bottom: 60px;\n  background-color: rgb(255, 255, 255);\n}\n#section_202827479 .section-bg-overlay {\n  background-color: rgba(255, 255, 255, 0.85);\n}\n<\/style>\n\t<\/section>\n\t\n","protected":false},"excerpt":{"rendered":"","protected":false},"author":2,"featured_media":0,"parent":0,"menu_order":0,"comment_status":"closed","ping_status":"closed","template":"page-blank.php","meta":{"footnotes":""},"class_list":["post-526","page","type-page","status-publish","hentry"],"_links":{"self":[{"href":"https:\/\/www.nouveau.edu.mx\/apodaca\/wp-json\/wp\/v2\/pages\/526"}],"collection":[{"href":"https:\/\/www.nouveau.edu.mx\/apodaca\/wp-json\/wp\/v2\/pages"}],"about":[{"href":"https:\/\/www.nouveau.edu.mx\/apodaca\/wp-json\/wp\/v2\/types\/page"}],"author":[{"embeddable":true,"href":"https:\/\/www.nouveau.edu.mx\/apodaca\/wp-json\/wp\/v2\/users\/2"}],"replies":[{"embeddable":true,"href":"https:\/\/www.nouveau.edu.mx\/apodaca\/wp-json\/wp\/v2\/comments?post=526"}],"version-history":[{"count":5,"href":"https:\/\/www.nouveau.edu.mx\/apodaca\/wp-json\/wp\/v2\/pages\/526\/revisions"}],"predecessor-version":[{"id":911,"href":"https:\/\/www.nouveau.edu.mx\/apodaca\/wp-json\/wp\/v2\/pages\/526\/revisions\/911"}],"wp:attachment":[{"href":"https:\/\/www.nouveau.edu.mx\/apodaca\/wp-json\/wp\/v2\/media?parent=526"}],"curies":[{"name":"wp","href":"https:\/\/api.w.org\/{rel}","templated":true}]}}