{"id":534,"date":"2020-12-04T03:45:52","date_gmt":"2020-12-04T03:45:52","guid":{"rendered":"https:\/\/www.nouveau.edu.mx\/apodaca\/?page_id=534"},"modified":"2024-06-06T05:27:00","modified_gmt":"2024-06-06T05:27:00","slug":"international-curricula","status":"publish","type":"page","link":"https:\/\/www.nouveau.edu.mx\/apodaca\/international-curricula\/","title":{"rendered":"International Curricula"},"content":{"rendered":"\t<section class=\"section\" id=\"section_1546723765\">\n\t\t<div class=\"bg section-bg fill bg-fill  bg-loaded\" >\n\n\t\t\t\n\t\t\t<div class=\"section-bg-overlay absolute fill\"><\/div>\n\t\t\t\n\n\t\t<\/div>\n\n\t\t<div class=\"section-content relative\">\n\t\t\t\n<div class=\"row\"  id=\"row-956282812\">\n\n\t<div id=\"col-1951817822\" class=\"col medium-5 small-12 large-5\"  >\n\t\t<div class=\"col-inner\"  >\n\t\t\t\n\t\t\t\n\t<div class=\"img has-hover x md-x lg-x y md-y lg-y\" id=\"image_761535200\">\n\t\t\t\t\t\t\t\t<div class=\"img-inner dark\" >\n\t\t\t<img loading=\"lazy\" decoding=\"async\" width=\"600\" height=\"600\" src=\"https:\/\/www.nouveau.edu.mx\/apodaca\/wp-content\/uploads\/2024\/06\/international-curricula.jpg\" class=\"attachment-original size-original\" alt=\"\" srcset=\"https:\/\/www.nouveau.edu.mx\/apodaca\/wp-content\/uploads\/2024\/06\/international-curricula.jpg 600w, https:\/\/www.nouveau.edu.mx\/apodaca\/wp-content\/uploads\/2024\/06\/international-curricula-300x300.jpg 300w, https:\/\/www.nouveau.edu.mx\/apodaca\/wp-content\/uploads\/2024\/06\/international-curricula-150x150.jpg 150w\" sizes=\"(max-width: 600px) 100vw, 600px\" \/>\t\t\t\t\t\t\n\t\t\t\t\t<\/div>\n\t\t\t\t\t\t\t\t\n<style>\n#image_761535200 {\n  width: 100%;\n}\n<\/style>\n\t<\/div>\n\t\n\t\t<\/div>\n\t\t\t<\/div>\n\n\t\n\n\t<div id=\"col-1429243534\" class=\"col medium-7 small-12 large-7\"  >\n\t\t<div class=\"col-inner\"  >\n\t\t\t\n\t\t\t\n<p class=\"h2\" data-line-height=\"m\"><span style=\"color: #222060;\"><strong>International Curricula<\/strong><\/span><\/p>\n<p>NOUVEAU international school es reconocido por los rigurosos est\u00e1ndares de calidad en sus programas acad\u00e9micos, los cuales son analizados y estudiados de manera muy detallada para que nuestros estudiantes siempre puedan tener los mejores beneficios durante sus a\u00f1os escolares.<\/p>\n<p>Estamos orgullosos de presentar una alianza estrat\u00e9gica con Keystone International High School. Keystone\u00a0 es parte del grupo educativo K12, que es el proveedor de cursos en l\u00ednea m\u00e1s grande de los EE. UU. Adem\u00e1s de estar acreditado internacionalmente por varias asociaciones y agencias como Cognia (AdvancEd ), CSS (Comisi\u00f3n of secondary schools) y BBB.<\/p>\n<p>Las ventajas competitivas de este programa son:<\/p>\n<ul>\n<li>Acceso a un plan de estudios internacional en los niveles de secundaria y preparatoria.<\/li>\n<li>La oportunidad de estudiar en una escuela extranjera y continuar con nuestros programas acad\u00e9micos .<\/li>\n<li>Grandes beneficios curriculares para su futuro.<\/li>\n<li>Reconocimiento nacional e internacional para nuestros alumnos.<\/li>\n<li>Beneficios de la acreditaci\u00f3n internacional Cognia.<\/li>\n<li>Crecimiento profesional para estudiantes.<\/li>\n<li>Fondo educativo s\u00f3lido.<\/li>\n<li>Diplomas de bachillerato internacional.<\/li>\n<li>Mejora del dominio del idioma ingl\u00e9s.<\/li>\n<\/ul>\n\t\t<\/div>\n\t\t\t<\/div>\n\n\t\n<\/div>\n<div class=\"row\"  id=\"row-1428000391\">\n\n\t<div id=\"col-1687880805\" class=\"col col-spb small-12 large-12\"  >\n\t\t<div class=\"col-inner text-left dark\" style=\"background-color:#9a449d;\" >\n\t\t\t\n\t\t\t\n<div class=\"row align-middle\"  id=\"row-1172254185\">\n\n\t<div id=\"col-379437480\" class=\"col col-spb medium-9 small-12 large-9\"  >\n\t\t<div class=\"col-inner text-center\"  >\n\t\t\t\n\t\t\t\n<p class=\"uppercase my-0 h4\"><strong>Quiero ser parte de la familia nouveau<\/strong><\/p>\n\t\t<\/div>\n\t\t\t<\/div>\n\n\t\n\n\t<div id=\"col-1616597861\" class=\"col col-spb medium-3 small-12 large-3\"  >\n\t\t<div class=\"col-inner text-center\"  >\n\t\t\t\n\t\t\t\n<a class=\"button primary mb-0\"  >\n  <i class=\"icon-heart\" ><\/i>  <span>Click aqu\u00ed<\/span>\n  <\/a>\n\n\t\t<\/div>\n\t\t\t<\/div>\n\n\t\n<\/div>\n\t\t<\/div>\n\t\t\n<style>\n#col-1687880805 > .col-inner {\n  padding: 24px 20px 24px 20px;\n}\n<\/style>\n\t<\/div>\n\n\t\n<\/div>\n\t\t<\/div>\n\n\t\t\n<style>\n#section_1546723765 {\n  padding-top: 60px;\n  padding-bottom: 60px;\n  background-color: rgb(255, 255, 255);\n}\n#section_1546723765 .section-bg-overlay {\n  background-color: rgba(255, 255, 255, 0.85);\n}\n<\/style>\n\t<\/section>\n\t\n","protected":false},"excerpt":{"rendered":"","protected":false},"author":2,"featured_media":0,"parent":0,"menu_order":0,"comment_status":"closed","ping_status":"closed","template":"page-blank.php","meta":{"footnotes":""},"class_list":["post-534","page","type-page","status-publish","hentry"],"_links":{"self":[{"href":"https:\/\/www.nouveau.edu.mx\/apodaca\/wp-json\/wp\/v2\/pages\/534"}],"collection":[{"href":"https:\/\/www.nouveau.edu.mx\/apodaca\/wp-json\/wp\/v2\/pages"}],"about":[{"href":"https:\/\/www.nouveau.edu.mx\/apodaca\/wp-json\/wp\/v2\/types\/page"}],"author":[{"embeddable":true,"href":"https:\/\/www.nouveau.edu.mx\/apodaca\/wp-json\/wp\/v2\/users\/2"}],"replies":[{"embeddable":true,"href":"https:\/\/www.nouveau.edu.mx\/apodaca\/wp-json\/wp\/v2\/comments?post=534"}],"version-history":[{"count":8,"href":"https:\/\/www.nouveau.edu.mx\/apodaca\/wp-json\/wp\/v2\/pages\/534\/revisions"}],"predecessor-version":[{"id":980,"href":"https:\/\/www.nouveau.edu.mx\/apodaca\/wp-json\/wp\/v2\/pages\/534\/revisions\/980"}],"wp:attachment":[{"href":"https:\/\/www.nouveau.edu.mx\/apodaca\/wp-json\/wp\/v2\/media?parent=534"}],"curies":[{"name":"wp","href":"https:\/\/api.w.org\/{rel}","templated":true}]}}