{"id":554,"date":"2020-12-04T04:00:31","date_gmt":"2020-12-04T04:00:31","guid":{"rendered":"https:\/\/www.nouveau.edu.mx\/apodaca\/?page_id=554"},"modified":"2024-06-06T05:26:47","modified_gmt":"2024-06-06T05:26:47","slug":"soccer","status":"publish","type":"page","link":"https:\/\/www.nouveau.edu.mx\/apodaca\/soccer\/","title":{"rendered":"Soccer"},"content":{"rendered":"\t<section class=\"section\" id=\"section_2024537755\">\n\t\t<div class=\"bg section-bg fill bg-fill  bg-loaded\" >\n\n\t\t\t\n\t\t\t<div class=\"section-bg-overlay absolute fill\"><\/div>\n\t\t\t\n\n\t\t<\/div>\n\n\t\t<div class=\"section-content relative\">\n\t\t\t\n<div class=\"row\"  id=\"row-956455123\">\n\n\t<div id=\"col-135121109\" class=\"col medium-5 small-12 large-5\"  >\n\t\t<div class=\"col-inner\"  >\n\t\t\t\n\t\t\t\n\t<div class=\"img has-hover x md-x lg-x y md-y lg-y\" id=\"image_271224521\">\n\t\t\t\t\t\t\t\t<div class=\"img-inner dark\" >\n\t\t\t<img loading=\"lazy\" decoding=\"async\" width=\"600\" height=\"600\" src=\"https:\/\/www.nouveau.edu.mx\/apodaca\/wp-content\/uploads\/2024\/06\/soccer.jpg\" class=\"attachment-original size-original\" alt=\"\" srcset=\"https:\/\/www.nouveau.edu.mx\/apodaca\/wp-content\/uploads\/2024\/06\/soccer.jpg 600w, https:\/\/www.nouveau.edu.mx\/apodaca\/wp-content\/uploads\/2024\/06\/soccer-300x300.jpg 300w, https:\/\/www.nouveau.edu.mx\/apodaca\/wp-content\/uploads\/2024\/06\/soccer-150x150.jpg 150w\" sizes=\"(max-width: 600px) 100vw, 600px\" \/>\t\t\t\t\t\t\n\t\t\t\t\t<\/div>\n\t\t\t\t\t\t\t\t\n<style>\n#image_271224521 {\n  width: 100%;\n}\n<\/style>\n\t<\/div>\n\t\n\t\t<\/div>\n\t\t\t<\/div>\n\n\t\n\n\t<div id=\"col-730692982\" class=\"col medium-7 small-12 large-7\"  >\n\t\t<div class=\"col-inner\"  >\n\t\t\t\n\t\t\t\n<p class=\"h2\" data-line-height=\"m\"><span style=\"color: #222060;\"><strong>Soccer<\/strong><\/span><\/p>\n<p>El f\u00fatbol es un deporte que adem\u00e1s de ser apasionante, brinda importantes beneficios a la salud de quienes lo practican.<\/p>\n<p>Por todo lo que se corre en el f\u00fatbol es uno de los ejercicios m\u00e1s favorables para el coraz\u00f3n, ya que mejora la funci\u00f3n card\u00edaca. Adem\u00e1s es una pr\u00e1ctica que colabora con la resistencia y el consumo de ox\u00edgeno. Es recomendado para casos de presi\u00f3n arterial alta, regular los niveles de colesterol y bajar el riesgo a padecer diabetes.<\/p>\n<p>Su pr\u00e1ctica favorece el equilibrio corporal de las personas, ya que es un deporte de precisi\u00f3n, velocidad y fuerza, para lo que el equilibrio es clave.<\/p>\n<p>Est\u00e1 demostrado que el f\u00fatbol influye positivamente en la mente de quienes lo practican, ya que es una buena forma de liberar el estr\u00e9s, crear autonom\u00eda y confianza en las personas.<\/p>\n<p>El f\u00fatbol es un buen deporte para quemar calor\u00edas, debido a su intensidad y tiempo de juego.<\/p>\n<p>Esta clase se imparte a partir de 3\u00b0 de Kinder a los ni\u00f1os.<\/p>\n\t\t<\/div>\n\t\t\t<\/div>\n\n\t\n<\/div>\n<div class=\"row\"  id=\"row-2027352635\">\n\n\t<div id=\"col-2021190312\" class=\"col col-spb small-12 large-12\"  >\n\t\t<div class=\"col-inner text-left dark\" style=\"background-color:#9a449d;\" >\n\t\t\t\n\t\t\t\n<div class=\"row align-middle\"  id=\"row-367711432\">\n\n\t<div id=\"col-2061424818\" class=\"col col-spb medium-9 small-12 large-9\"  >\n\t\t<div class=\"col-inner text-center\"  >\n\t\t\t\n\t\t\t\n<p class=\"uppercase my-0 h4\"><strong>Quiero ser parte de la familia nouveau<\/strong><\/p>\n\t\t<\/div>\n\t\t\t<\/div>\n\n\t\n\n\t<div id=\"col-930811798\" class=\"col col-spb medium-3 small-12 large-3\"  >\n\t\t<div class=\"col-inner text-center\"  >\n\t\t\t\n\t\t\t\n<a class=\"button primary mb-0\"  >\n  <i class=\"icon-heart\" ><\/i>  <span>Click aqu\u00ed<\/span>\n  <\/a>\n\n\t\t<\/div>\n\t\t\t<\/div>\n\n\t\n<\/div>\n\t\t<\/div>\n\t\t\n<style>\n#col-2021190312 > .col-inner {\n  padding: 24px 20px 24px 20px;\n}\n<\/style>\n\t<\/div>\n\n\t\n<\/div>\n\t\t<\/div>\n\n\t\t\n<style>\n#section_2024537755 {\n  padding-top: 60px;\n  padding-bottom: 60px;\n  background-color: rgb(255, 255, 255);\n}\n#section_2024537755 .section-bg-overlay {\n  background-color: rgba(255, 255, 255, 0.85);\n}\n<\/style>\n\t<\/section>\n\t\n","protected":false},"excerpt":{"rendered":"","protected":false},"author":2,"featured_media":0,"parent":0,"menu_order":0,"comment_status":"closed","ping_status":"closed","template":"page-blank.php","meta":{"footnotes":""},"class_list":["post-554","page","type-page","status-publish","hentry"],"_links":{"self":[{"href":"https:\/\/www.nouveau.edu.mx\/apodaca\/wp-json\/wp\/v2\/pages\/554"}],"collection":[{"href":"https:\/\/www.nouveau.edu.mx\/apodaca\/wp-json\/wp\/v2\/pages"}],"about":[{"href":"https:\/\/www.nouveau.edu.mx\/apodaca\/wp-json\/wp\/v2\/types\/page"}],"author":[{"embeddable":true,"href":"https:\/\/www.nouveau.edu.mx\/apodaca\/wp-json\/wp\/v2\/users\/2"}],"replies":[{"embeddable":true,"href":"https:\/\/www.nouveau.edu.mx\/apodaca\/wp-json\/wp\/v2\/comments?post=554"}],"version-history":[{"count":5,"href":"https:\/\/www.nouveau.edu.mx\/apodaca\/wp-json\/wp\/v2\/pages\/554\/revisions"}],"predecessor-version":[{"id":976,"href":"https:\/\/www.nouveau.edu.mx\/apodaca\/wp-json\/wp\/v2\/pages\/554\/revisions\/976"}],"wp:attachment":[{"href":"https:\/\/www.nouveau.edu.mx\/apodaca\/wp-json\/wp\/v2\/media?parent=554"}],"curies":[{"name":"wp","href":"https:\/\/api.w.org\/{rel}","templated":true}]}}