{"id":559,"date":"2020-12-04T04:04:21","date_gmt":"2020-12-04T04:04:21","guid":{"rendered":"https:\/\/www.nouveau.edu.mx\/apodaca\/?page_id=559"},"modified":"2024-06-06T05:26:44","modified_gmt":"2024-06-06T05:26:44","slug":"music","status":"publish","type":"page","link":"https:\/\/www.nouveau.edu.mx\/apodaca\/music\/","title":{"rendered":"Music"},"content":{"rendered":"\t<section class=\"section\" id=\"section_1720609156\">\n\t\t<div class=\"bg section-bg fill bg-fill  bg-loaded\" >\n\n\t\t\t\n\t\t\t<div class=\"section-bg-overlay absolute fill\"><\/div>\n\t\t\t\n\n\t\t<\/div>\n\n\t\t<div class=\"section-content relative\">\n\t\t\t\n<div class=\"row\"  id=\"row-1836759411\">\n\n\t<div id=\"col-491785125\" class=\"col medium-5 small-12 large-5\"  >\n\t\t<div class=\"col-inner\"  >\n\t\t\t\n\t\t\t\n\t<div class=\"img has-hover x md-x lg-x y md-y lg-y\" id=\"image_489097444\">\n\t\t\t\t\t\t\t\t<div class=\"img-inner dark\" >\n\t\t\t<img loading=\"lazy\" decoding=\"async\" width=\"600\" height=\"600\" src=\"https:\/\/www.nouveau.edu.mx\/apodaca\/wp-content\/uploads\/2024\/06\/music-class.jpg\" class=\"attachment-original size-original\" alt=\"\" srcset=\"https:\/\/www.nouveau.edu.mx\/apodaca\/wp-content\/uploads\/2024\/06\/music-class.jpg 600w, https:\/\/www.nouveau.edu.mx\/apodaca\/wp-content\/uploads\/2024\/06\/music-class-300x300.jpg 300w, https:\/\/www.nouveau.edu.mx\/apodaca\/wp-content\/uploads\/2024\/06\/music-class-150x150.jpg 150w\" sizes=\"(max-width: 600px) 100vw, 600px\" \/>\t\t\t\t\t\t\n\t\t\t\t\t<\/div>\n\t\t\t\t\t\t\t\t\n<style>\n#image_489097444 {\n  width: 100%;\n}\n<\/style>\n\t<\/div>\n\t\n\t\t<\/div>\n\t\t\t<\/div>\n\n\t\n\n\t<div id=\"col-951284126\" class=\"col medium-7 small-12 large-7\"  >\n\t\t<div class=\"col-inner\"  >\n\t\t\t\n\t\t\t\n<p class=\"h2\" data-line-height=\"m\"><span style=\"color: #222060;\"><strong>Music<\/strong><\/span><\/p>\n<p>Aprender a tocar un instrumento y conocer las notas musicales, son solo algunos beneficios. Aprender m\u00fasica ayuda a desarrollar habilidades de lenguaje, matem\u00e1ticas, coordinaci\u00f3n motora, ayuda a la memoria, tiene beneficios en la conducta e incluso ayuda a la inteligencia espacial.<\/p>\n\t\t<\/div>\n\t\t\t<\/div>\n\n\t\n<\/div>\n<div class=\"row\"  id=\"row-1605261321\">\n\n\t<div id=\"col-1631881448\" class=\"col col-spb small-12 large-12\"  >\n\t\t<div class=\"col-inner text-left dark\" style=\"background-color:#9a449d;\" >\n\t\t\t\n\t\t\t\n<div class=\"row align-middle\"  id=\"row-1973310788\">\n\n\t<div id=\"col-1392433809\" class=\"col col-spb medium-9 small-12 large-9\"  >\n\t\t<div class=\"col-inner text-center\"  >\n\t\t\t\n\t\t\t\n<p class=\"uppercase my-0 h4\"><strong>Quiero ser parte de la familia nouveau<\/strong><\/p>\n\t\t<\/div>\n\t\t\t<\/div>\n\n\t\n\n\t<div id=\"col-1719344134\" class=\"col col-spb medium-3 small-12 large-3\"  >\n\t\t<div class=\"col-inner text-center\"  >\n\t\t\t\n\t\t\t\n<a class=\"button primary mb-0\"  >\n  <i class=\"icon-heart\" ><\/i>  <span>Click aqu\u00ed<\/span>\n  <\/a>\n\n\t\t<\/div>\n\t\t\t<\/div>\n\n\t\n<\/div>\n\t\t<\/div>\n\t\t\n<style>\n#col-1631881448 > .col-inner {\n  padding: 24px 20px 24px 20px;\n}\n<\/style>\n\t<\/div>\n\n\t\n<\/div>\n\t\t<\/div>\n\n\t\t\n<style>\n#section_1720609156 {\n  padding-top: 60px;\n  padding-bottom: 60px;\n  background-color: rgb(255, 255, 255);\n}\n#section_1720609156 .section-bg-overlay {\n  background-color: rgba(255, 255, 255, 0.85);\n}\n<\/style>\n\t<\/section>\n\t\n","protected":false},"excerpt":{"rendered":"","protected":false},"author":2,"featured_media":0,"parent":0,"menu_order":0,"comment_status":"closed","ping_status":"closed","template":"page-blank.php","meta":{"footnotes":""},"class_list":["post-559","page","type-page","status-publish","hentry"],"_links":{"self":[{"href":"https:\/\/www.nouveau.edu.mx\/apodaca\/wp-json\/wp\/v2\/pages\/559"}],"collection":[{"href":"https:\/\/www.nouveau.edu.mx\/apodaca\/wp-json\/wp\/v2\/pages"}],"about":[{"href":"https:\/\/www.nouveau.edu.mx\/apodaca\/wp-json\/wp\/v2\/types\/page"}],"author":[{"embeddable":true,"href":"https:\/\/www.nouveau.edu.mx\/apodaca\/wp-json\/wp\/v2\/users\/2"}],"replies":[{"embeddable":true,"href":"https:\/\/www.nouveau.edu.mx\/apodaca\/wp-json\/wp\/v2\/comments?post=559"}],"version-history":[{"count":8,"href":"https:\/\/www.nouveau.edu.mx\/apodaca\/wp-json\/wp\/v2\/pages\/559\/revisions"}],"predecessor-version":[{"id":975,"href":"https:\/\/www.nouveau.edu.mx\/apodaca\/wp-json\/wp\/v2\/pages\/559\/revisions\/975"}],"wp:attachment":[{"href":"https:\/\/www.nouveau.edu.mx\/apodaca\/wp-json\/wp\/v2\/media?parent=559"}],"curies":[{"name":"wp","href":"https:\/\/api.w.org\/{rel}","templated":true}]}}