{"id":563,"date":"2020-12-04T04:06:10","date_gmt":"2020-12-04T04:06:10","guid":{"rendered":"https:\/\/www.nouveau.edu.mx\/apodaca\/?page_id=563"},"modified":"2024-09-12T03:23:31","modified_gmt":"2024-09-12T03:23:31","slug":"taekwondo","status":"publish","type":"page","link":"https:\/\/www.nouveau.edu.mx\/apodaca\/taekwondo\/","title":{"rendered":"Tae Kwon Do"},"content":{"rendered":"\t<section class=\"section\" id=\"section_1312598626\">\n\t\t<div class=\"bg section-bg fill bg-fill  bg-loaded\" >\n\n\t\t\t\n\t\t\t<div class=\"section-bg-overlay absolute fill\"><\/div>\n\t\t\t\n\n\t\t<\/div>\n\n\t\t<div class=\"section-content relative\">\n\t\t\t\n<div class=\"row\"  id=\"row-1862776385\">\n\n\t<div id=\"col-2091794192\" class=\"col medium-5 small-12 large-5\"  >\n\t\t<div class=\"col-inner\"  >\n\t\t\t\n\t\t\t\n\t<div class=\"img has-hover x md-x lg-x y md-y lg-y\" id=\"image_1319892670\">\n\t\t\t\t\t\t\t\t<div class=\"img-inner dark\" >\n\t\t\t<img loading=\"lazy\" decoding=\"async\" width=\"600\" height=\"600\" src=\"https:\/\/www.nouveau.edu.mx\/apodaca\/wp-content\/uploads\/2024\/09\/taekwondo-nouveau-seccion.jpg\" class=\"attachment-original size-original\" alt=\"\" srcset=\"https:\/\/www.nouveau.edu.mx\/apodaca\/wp-content\/uploads\/2024\/09\/taekwondo-nouveau-seccion.jpg 600w, https:\/\/www.nouveau.edu.mx\/apodaca\/wp-content\/uploads\/2024\/09\/taekwondo-nouveau-seccion-300x300.jpg 300w, https:\/\/www.nouveau.edu.mx\/apodaca\/wp-content\/uploads\/2024\/09\/taekwondo-nouveau-seccion-150x150.jpg 150w\" sizes=\"(max-width: 600px) 100vw, 600px\" \/>\t\t\t\t\t\t\n\t\t\t\t\t<\/div>\n\t\t\t\t\t\t\t\t\n<style>\n#image_1319892670 {\n  width: 100%;\n}\n<\/style>\n\t<\/div>\n\t\n\t\t<\/div>\n\t\t\t<\/div>\n\n\t\n\n\t<div id=\"col-217780281\" class=\"col medium-7 small-12 large-7\"  >\n\t\t<div class=\"col-inner\"  >\n\t\t\t\n\t\t\t\n<p class=\"h2\" data-line-height=\"m\"><span style=\"color: #222060;\"><strong>Tae Kwon Do<\/strong><\/span><\/p>\n<p>El taekwondo es un deporte de combate milenario que demanda un entrenamiento muy completo, tanto a nivel f\u00edsico como mental. De hecho, este deporte no hace que los ni\u00f1os desarrollen conductas violentas sino todo lo contrario, les ense\u00f1a disciplina y fomenta el autocontrol. En este sentido, se ha apreciado que los ni\u00f1os con tendencia a la agresividad comienzan a comportarse de forma m\u00e1s reflexiva, mientras que los peque\u00f1os m\u00e1s t\u00edmidos ganan en confianza. Esto se debe a que la pr\u00e1ctica del taekwondo moldea el car\u00e1cter de los peque\u00f1os.<\/p>\n<p>El taekwondo no es simplemente un deporte de fuerza, tambi\u00e9n es necesario desarrollar cierta actitud mental. Por eso, es uno de los deportes recomendados para los ni\u00f1os con TDAH, sobre todo para aliviar s\u00edntomas como la impulsividad y la hiperactividad. De hecho, el taekwondo puede producir un aumento de dopamina, la serotonina y la norepinefrina a nivel cerebral, provocando cambios positivos en la capacidad atencional de los ni\u00f1os.<\/p>\n<p>La pr\u00e1ctica de este deporte estimula la elasticidad, la fuerza, la coordinaci\u00f3n y la resistencia. Tambi\u00e9n mejora sus reflejos, aumenta la resistencia cardiovascular y potencia el conocimiento del cuerpo. Adem\u00e1s, es ideal para mantener a raya la obesidad infantil y evitar el sedentarismo.<\/p>\n<p>Esta clase se imparte a partir de 3\u00b0 de Kinder de manera mixta.<\/p>\n\t\t<\/div>\n\t\t\t<\/div>\n\n\t\n<\/div>\n<div class=\"row\"  id=\"row-1211298128\">\n\n\t<div id=\"col-39603490\" class=\"col col-spb small-12 large-12\"  >\n\t\t<div class=\"col-inner text-left dark\" style=\"background-color:#9a449d;\" >\n\t\t\t\n\t\t\t\n<div class=\"row align-middle\"  id=\"row-1870613625\">\n\n\t<div id=\"col-295897997\" class=\"col col-spb medium-9 small-12 large-9\"  >\n\t\t<div class=\"col-inner text-center\"  >\n\t\t\t\n\t\t\t\n<p class=\"uppercase my-0 h4\"><strong>Quiero ser parte de la familia nouveau<\/strong><\/p>\n\t\t<\/div>\n\t\t\t<\/div>\n\n\t\n\n\t<div id=\"col-2097890958\" class=\"col col-spb medium-3 small-12 large-3\"  >\n\t\t<div class=\"col-inner text-center\"  >\n\t\t\t\n\t\t\t\n<a class=\"button primary mb-0\"  >\n  <i class=\"icon-heart\" ><\/i>  <span>Click aqu\u00ed<\/span>\n  <\/a>\n\n\t\t<\/div>\n\t\t\t<\/div>\n\n\t\n<\/div>\n\t\t<\/div>\n\t\t\n<style>\n#col-39603490 > .col-inner {\n  padding: 24px 20px 24px 20px;\n}\n<\/style>\n\t<\/div>\n\n\t\n<\/div>\n\t\t<\/div>\n\n\t\t\n<style>\n#section_1312598626 {\n  padding-top: 60px;\n  padding-bottom: 60px;\n  background-color: rgb(255, 255, 255);\n}\n#section_1312598626 .section-bg-overlay {\n  background-color: rgba(255, 255, 255, 0.85);\n}\n<\/style>\n\t<\/section>\n\t\n","protected":false},"excerpt":{"rendered":"","protected":false},"author":2,"featured_media":0,"parent":0,"menu_order":0,"comment_status":"closed","ping_status":"closed","template":"page-blank.php","meta":{"footnotes":""},"class_list":["post-563","page","type-page","status-publish","hentry"],"_links":{"self":[{"href":"https:\/\/www.nouveau.edu.mx\/apodaca\/wp-json\/wp\/v2\/pages\/563"}],"collection":[{"href":"https:\/\/www.nouveau.edu.mx\/apodaca\/wp-json\/wp\/v2\/pages"}],"about":[{"href":"https:\/\/www.nouveau.edu.mx\/apodaca\/wp-json\/wp\/v2\/types\/page"}],"author":[{"embeddable":true,"href":"https:\/\/www.nouveau.edu.mx\/apodaca\/wp-json\/wp\/v2\/users\/2"}],"replies":[{"embeddable":true,"href":"https:\/\/www.nouveau.edu.mx\/apodaca\/wp-json\/wp\/v2\/comments?post=563"}],"version-history":[{"count":8,"href":"https:\/\/www.nouveau.edu.mx\/apodaca\/wp-json\/wp\/v2\/pages\/563\/revisions"}],"predecessor-version":[{"id":1028,"href":"https:\/\/www.nouveau.edu.mx\/apodaca\/wp-json\/wp\/v2\/pages\/563\/revisions\/1028"}],"wp:attachment":[{"href":"https:\/\/www.nouveau.edu.mx\/apodaca\/wp-json\/wp\/v2\/media?parent=563"}],"curies":[{"name":"wp","href":"https:\/\/api.w.org\/{rel}","templated":true}]}}