{"id":568,"date":"2020-12-04T04:07:56","date_gmt":"2020-12-04T04:07:56","guid":{"rendered":"https:\/\/www.nouveau.edu.mx\/cumbres\/?page_id=568"},"modified":"2024-06-06T05:17:40","modified_gmt":"2024-06-06T05:17:40","slug":"dance-academy-and-gymnastics","status":"publish","type":"page","link":"https:\/\/www.nouveau.edu.mx\/cumbres\/dance-academy-and-gymnastics\/","title":{"rendered":"Dance Academy and Gymnastics"},"content":{"rendered":"\t<section class=\"section\" id=\"section_1883040721\">\n\t\t<div class=\"bg section-bg fill bg-fill  bg-loaded\" >\n\n\t\t\t\n\t\t\t<div class=\"section-bg-overlay absolute fill\"><\/div>\n\t\t\t\n\n\t\t<\/div>\n\n\t\t<div class=\"section-content relative\">\n\t\t\t\n<div class=\"row\"  id=\"row-66923702\">\n\n\t<div id=\"col-1572747277\" class=\"col medium-5 small-12 large-5\"  >\n\t\t<div class=\"col-inner\"  >\n\t\t\t\n\t\t\t\n\t<div class=\"img has-hover x md-x lg-x y md-y lg-y\" id=\"image_1970945888\">\n\t\t\t\t\t\t\t\t<div class=\"img-inner dark\" >\n\t\t\t<img loading=\"lazy\" decoding=\"async\" width=\"600\" height=\"600\" src=\"https:\/\/www.nouveau.edu.mx\/cumbres\/wp-content\/uploads\/2024\/06\/danza.jpg\" class=\"attachment-original size-original\" alt=\"\" srcset=\"https:\/\/www.nouveau.edu.mx\/cumbres\/wp-content\/uploads\/2024\/06\/danza.jpg 600w, https:\/\/www.nouveau.edu.mx\/cumbres\/wp-content\/uploads\/2024\/06\/danza-300x300.jpg 300w, https:\/\/www.nouveau.edu.mx\/cumbres\/wp-content\/uploads\/2024\/06\/danza-150x150.jpg 150w\" sizes=\"(max-width: 600px) 100vw, 600px\" \/>\t\t\t\t\t\t\n\t\t\t\t\t<\/div>\n\t\t\t\t\t\t\t\t\n<style>\n#image_1970945888 {\n  width: 100%;\n}\n<\/style>\n\t<\/div>\n\t\n\t\t<\/div>\n\t\t\t<\/div>\n\n\t\n\n\t<div id=\"col-966865193\" class=\"col medium-7 small-12 large-7\"  >\n\t\t<div class=\"col-inner\"  >\n\t\t\t\n\t\t\t\n<p class=\"h2\" data-line-height=\"m\"><span style=\"color: #222060;\"><strong>Dance Academy<br \/>and Gymnastics<\/strong><\/span><\/p>\n<p>Bailar de forma regular es un ejercicio que ayuda al coraz\u00f3n a mantenerse fuerte al aumentar el ritmo card\u00edaco y mejorar la capacidad pulmonar. El baile es un ejercicio de fuerza que puede prevenir la p\u00e9rdida de la masa \u00f3sea y lo mejor para tonificar los huesos sin estresar las articulaciones.<\/p>\n<p>Al son de la m\u00fasica se reduce el estr\u00e9s, la ansiedad y la depresi\u00f3n, ya que te ayuda a expresar tus emociones y canalizar la adrenalina.<\/p>\n<p>La gimnasia, ayuda a que se desarrollen social y f\u00edsicamente, adem\u00e1s de que es un ejercicio que incorpora la fuerza, la flexibilidad, la velocidad, el equilibrio, la coordinaci\u00f3n, el poder y la disciplina.<\/p>\n<p>La gimnasia da a los ni\u00f1as la oportunidad de aprender acerca de las habilidades sociales como escuchar, seguir instrucciones, tomar turnos, respetar a los dem\u00e1s, socializar y ser m\u00e1s independientes.<\/p>\n<p>Desarrolla una serie de habilidades motoras y de coordinaci\u00f3n y ayuda a desarrollar un buen sentido de la conciencia corporal.<\/p>\n<p>Esta clase se imparte a partir de 3\u00b0 de Kinder a las ni\u00f1as.<\/p>\n\t\t<\/div>\n\t\t\t<\/div>\n\n\t\n<\/div>\n<div class=\"row\"  id=\"row-1288227273\">\n\n\t<div id=\"col-523721837\" class=\"col col-spb small-12 large-12\"  >\n\t\t<div class=\"col-inner text-left dark\" style=\"background-color:#9a449d;\" >\n\t\t\t\n\t\t\t\n<div class=\"row align-middle\"  id=\"row-406155945\">\n\n\t<div id=\"col-1793559189\" class=\"col col-spb medium-9 small-12 large-9\"  >\n\t\t<div class=\"col-inner text-center\"  >\n\t\t\t\n\t\t\t\n<p class=\"uppercase my-0 h4\"><strong>Quiero ser parte de la familia nouveau<\/strong><\/p>\n\t\t<\/div>\n\t\t\t<\/div>\n\n\t\n\n\t<div id=\"col-2028942383\" class=\"col col-spb medium-3 small-12 large-3\"  >\n\t\t<div class=\"col-inner text-center\"  >\n\t\t\t\n\t\t\t\n<a class=\"button primary mb-0\"  >\n  <i class=\"icon-heart\" ><\/i>  <span>Click aqu\u00ed<\/span>\n  <\/a>\n\n\t\t<\/div>\n\t\t\t<\/div>\n\n\t\n<\/div>\n\t\t<\/div>\n\t\t\n<style>\n#col-523721837 > .col-inner {\n  padding: 24px 20px 24px 20px;\n}\n<\/style>\n\t<\/div>\n\n\t\n<\/div>\n\t\t<\/div>\n\n\t\t\n<style>\n#section_1883040721 {\n  padding-top: 60px;\n  padding-bottom: 60px;\n  background-color: rgb(255, 255, 255);\n}\n#section_1883040721 .section-bg-overlay {\n  background-color: rgba(255, 255, 255, 0.85);\n}\n<\/style>\n\t<\/section>\n\t\n","protected":false},"excerpt":{"rendered":"","protected":false},"author":2,"featured_media":0,"parent":0,"menu_order":0,"comment_status":"closed","ping_status":"closed","template":"page-blank.php","meta":{"footnotes":""},"class_list":["post-568","page","type-page","status-publish","hentry"],"_links":{"self":[{"href":"https:\/\/www.nouveau.edu.mx\/cumbres\/wp-json\/wp\/v2\/pages\/568"}],"collection":[{"href":"https:\/\/www.nouveau.edu.mx\/cumbres\/wp-json\/wp\/v2\/pages"}],"about":[{"href":"https:\/\/www.nouveau.edu.mx\/cumbres\/wp-json\/wp\/v2\/types\/page"}],"author":[{"embeddable":true,"href":"https:\/\/www.nouveau.edu.mx\/cumbres\/wp-json\/wp\/v2\/users\/2"}],"replies":[{"embeddable":true,"href":"https:\/\/www.nouveau.edu.mx\/cumbres\/wp-json\/wp\/v2\/comments?post=568"}],"version-history":[{"count":5,"href":"https:\/\/www.nouveau.edu.mx\/cumbres\/wp-json\/wp\/v2\/pages\/568\/revisions"}],"predecessor-version":[{"id":941,"href":"https:\/\/www.nouveau.edu.mx\/cumbres\/wp-json\/wp\/v2\/pages\/568\/revisions\/941"}],"wp:attachment":[{"href":"https:\/\/www.nouveau.edu.mx\/cumbres\/wp-json\/wp\/v2\/media?parent=568"}],"curies":[{"name":"wp","href":"https:\/\/api.w.org\/{rel}","templated":true}]}}