{"id":519,"date":"2020-12-04T03:30:10","date_gmt":"2020-12-04T03:30:10","guid":{"rendered":"https:\/\/www.nouveau.edu.mx\/santa\/?page_id=519"},"modified":"2021-05-01T17:35:11","modified_gmt":"2021-05-01T17:35:11","slug":"multicultural-education","status":"publish","type":"page","link":"https:\/\/www.nouveau.edu.mx\/santa\/multicultural-education\/","title":{"rendered":"Multicultural Education"},"content":{"rendered":"\t<section class=\"section\" id=\"section_1092892136\">\n\t\t<div class=\"bg section-bg fill bg-fill  bg-loaded\" >\n\n\t\t\t\n\t\t\t<div class=\"section-bg-overlay absolute fill\"><\/div>\n\t\t\t\n\n\t\t<\/div>\n\n\t\t<div class=\"section-content relative\">\n\t\t\t\n<div class=\"row\"  id=\"row-1021359673\">\n\n\t<div id=\"col-2144870906\" class=\"col medium-5 small-12 large-5\"  >\n\t\t<div class=\"col-inner\"  >\n\t\t\t\n\t\t\t\n\t<div class=\"img has-hover x md-x lg-x y md-y lg-y\" id=\"image_1188917442\">\n\t\t\t\t\t\t\t\t<div class=\"img-inner dark\" >\n\t\t\t<img loading=\"lazy\" decoding=\"async\" width=\"600\" height=\"600\" src=\"https:\/\/www.nouveau.edu.mx\/santa\/wp-content\/uploads\/2020\/12\/multicultural-education-nouveau.jpg\" class=\"attachment-original size-original\" alt=\"\" srcset=\"https:\/\/www.nouveau.edu.mx\/santa\/wp-content\/uploads\/2020\/12\/multicultural-education-nouveau.jpg 600w, https:\/\/www.nouveau.edu.mx\/santa\/wp-content\/uploads\/2020\/12\/multicultural-education-nouveau-300x300.jpg 300w, https:\/\/www.nouveau.edu.mx\/santa\/wp-content\/uploads\/2020\/12\/multicultural-education-nouveau-150x150.jpg 150w\" sizes=\"(max-width: 600px) 100vw, 600px\" \/>\t\t\t\t\t\t\n\t\t\t\t\t<\/div>\n\t\t\t\t\t\t\t\t\n<style>\n#image_1188917442 {\n  width: 100%;\n}\n<\/style>\n\t<\/div>\n\t\n\t\t<\/div>\n\t\t\t<\/div>\n\n\t\n\n\t<div id=\"col-1815983380\" class=\"col medium-7 small-12 large-7\"  >\n\t\t<div class=\"col-inner\"  >\n\t\t\t\n\t\t\t\n<p class=\"h2\" data-line-height=\"m\"><span style=\"color: #222060;\"><strong>Multicultural Education<\/strong><\/span><\/p>\n<p><span style=\"font-weight: 400;\">Nuestro programa prepara a los alumnos para el mundo internacional y globalizado mediante actividades y contenidos acad\u00e9micos. Se enriquecen los idiomas y ayudan a que el cerebro incremente el desarrollo del pensamiento cr\u00edtico y la creatividad. Se obtienen las herramientas para lograr expresarse y comunicarse al viajar o al convivir con personas extranjeras. Los idiomas incorporados en nuestro programa son ingl\u00e9s y franc\u00e9s. Estos idiomas fueron seleccionados estrat\u00e9gicamente debido a la importancia y los beneficios que se obtienen al entenderlos y hablarlos.<\/span><\/p>\n<p><span style=\"font-weight: 400;\">Fomentamos la convivencia entre las personas de diferentes culturas. Se incorpora la reflexi\u00f3n logrando la adquisici\u00f3n de un punto de vista m\u00e1s relativo sobre el mundo.<\/span><\/p>\n<p><span style=\"font-weight: 400;\">En Nouveau International School ofrecemos un riguroso programa acad\u00e9mico y es importante saber de los grandes beneficios que obtienen nuestros alumnos al saber ingl\u00e9s.<\/span><\/p>\n\t\t<\/div>\n\t\t\t<\/div>\n\n\t\n<\/div>\n<div class=\"row\"  id=\"row-1225009690\">\n\n\t<div id=\"col-1976563852\" class=\"col small-12 large-12\"  >\n\t\t<div class=\"col-inner\"  >\n\t\t\t\n\t\t\t\n<p><span style=\"font-weight: 400;\">El ingl\u00e9s es el idioma de la comunicaci\u00f3n internacional y al ser uno de los idiomas m\u00e1s importantes, desde sus primeros a\u00f1os de educaci\u00f3n nuestros alumnos est\u00e1n inmersos en una educaci\u00f3n bicultural.<\/span><\/p>\n<p><span style=\"font-weight: 400;\">Preparamos a nuestros alumnos para certificaciones que avalan su dominio. El ingl\u00e9s es el idioma de negocios, m\u00e1s de 375 millones de personas hablan ingl\u00e9s aunque este no sea su idioma materno.<\/span><\/p>\n<p><span style=\"font-weight: 400;\">Al manejar por completo el ingl\u00e9s, los alumnos se sienten seguros al hablarlo y entenderlo. Dominar un segundo idioma tambi\u00e9n puede cambiar la mentalidad, favoreciendo la adaptaci\u00f3n a diferentes situaciones y conocer diferentes culturas.<\/span><\/p>\n<p><span style=\"font-weight: 400;\">El cerebro biling\u00fce es capaz de concentrarse mejor, aprender con mayor facilidad y dedicarse a varias tareas a la vez. Las personas que hablan dos idiomas pueden aprender un tercer o cuarto idioma con mayor facilidad. Te dar\u00e1s cuenta de que despu\u00e9s de aprender ingl\u00e9s, tu cerebro ser\u00e1 capaz de comprender mejor la estructura de un idioma nuevo.\u00a0<\/span><\/p>\n<p><span style=\"font-weight: 400;\">Al saber\u00a0 y al\u00a0 tener el nivel de ingl\u00e9s necesario. Se abren las puertas para intercambios y viajes internacionales. Que como parte de nuestra visi\u00f3n es que nuestros alumnos est\u00e9n preparados para el mundo globalizado.<\/span><\/p>\n<p><b>Nuestros alumnos llevan clases de Ingl\u00e9s desde el nivel de Maternal.<\/b><\/p>\n<p><span style=\"font-weight: 400;\">Nuestros alumnos al momento de aprender un tercer idioma se vuelven multiling\u00fces.<\/span><\/p>\n<p><span style=\"font-weight: 400;\">El franc\u00e9s es el idioma oficial de muchas instituciones de la Uni\u00f3n Europea y de varios organismos internacionales. <\/span><span style=\"font-weight: 400;\">El franc\u00e9s es uno de los idiomas m\u00e1s importantes en las \u00e1reas de comunicaciones y relaciones internacionales en todo el mundo y es adem\u00e1s el segundo idioma con m\u00e1s estudiantes despu\u00e9s del ingl\u00e9s.<\/span><\/p>\n<p><span style=\"font-weight: 400;\">Saber hablar franc\u00e9s es tener la oportunidad de comunicarse\u00a0 sin problema con las m\u00e1s de 200 millones de personas en los cinco continentes cuya lengua nativa es el franc\u00e9s<\/span><\/p>\n<p><span style=\"font-weight: 400;\">El franc\u00e9s es un idioma f\u00e1cil de aprender porque comparten las mismas ra\u00edces del lat\u00edn que el espa\u00f1ol. Es tambi\u00e9n una puerta para complementar o continuar tus estudios profesionales en un pa\u00eds cuya lengua oficial es el franc\u00e9s.<\/span><\/p>\n<p><b>Esta clase se imparte a partir de 4to de primaria en adelante.<\/b><\/p>\n<p><b>Nuestro aliado para esta clase es la Alianza Francesa de Monterrey<\/b><span style=\"font-weight: 400;\">.<\/span><\/p>\n\t\t<\/div>\n\t\t\t<\/div>\n\n\t\n<\/div>\n<div class=\"row\"  id=\"row-2041001220\">\n\n\t<div id=\"col-1641425271\" class=\"col col-spb small-12 large-12\"  >\n\t\t<div class=\"col-inner text-left dark\" style=\"background-color:#9a449d;\" >\n\t\t\t\n\t\t\t\n<div class=\"row align-middle\"  id=\"row-1978597220\">\n\n\t<div id=\"col-2093815985\" class=\"col col-spb medium-9 small-12 large-9\"  >\n\t\t<div class=\"col-inner text-center\"  >\n\t\t\t\n\t\t\t\n<p class=\"uppercase my-0 h4\"><strong>Quiero ser parte de la familia nouveau<\/strong><\/p>\n\t\t<\/div>\n\t\t\t<\/div>\n\n\t\n\n\t<div id=\"col-1882134948\" class=\"col col-spb medium-3 small-12 large-3\"  >\n\t\t<div class=\"col-inner text-center\"  >\n\t\t\t\n\t\t\t\n<a class=\"button primary mb-0\"  >\n  <i class=\"icon-heart\" ><\/i>  <span>Click aqu\u00ed<\/span>\n  <\/a>\n\n\t\t<\/div>\n\t\t\t<\/div>\n\n\t\n<\/div>\n\t\t<\/div>\n\t\t\n<style>\n#col-1641425271 > .col-inner {\n  padding: 24px 20px 24px 20px;\n}\n<\/style>\n\t<\/div>\n\n\t\n<\/div>\n\t\t<\/div>\n\n\t\t\n<style>\n#section_1092892136 {\n  padding-top: 60px;\n  padding-bottom: 60px;\n  background-color: rgb(255, 255, 255);\n}\n#section_1092892136 .section-bg-overlay {\n  background-color: rgba(255, 255, 255, 0.85);\n}\n<\/style>\n\t<\/section>\n\t\n","protected":false},"excerpt":{"rendered":"","protected":false},"author":2,"featured_media":0,"parent":0,"menu_order":0,"comment_status":"closed","ping_status":"closed","template":"page-blank.php","meta":{"footnotes":""},"class_list":["post-519","page","type-page","status-publish","hentry"],"_links":{"self":[{"href":"https:\/\/www.nouveau.edu.mx\/santa\/wp-json\/wp\/v2\/pages\/519"}],"collection":[{"href":"https:\/\/www.nouveau.edu.mx\/santa\/wp-json\/wp\/v2\/pages"}],"about":[{"href":"https:\/\/www.nouveau.edu.mx\/santa\/wp-json\/wp\/v2\/types\/page"}],"author":[{"embeddable":true,"href":"https:\/\/www.nouveau.edu.mx\/santa\/wp-json\/wp\/v2\/users\/2"}],"replies":[{"embeddable":true,"href":"https:\/\/www.nouveau.edu.mx\/santa\/wp-json\/wp\/v2\/comments?post=519"}],"version-history":[{"count":14,"href":"https:\/\/www.nouveau.edu.mx\/santa\/wp-json\/wp\/v2\/pages\/519\/revisions"}],"predecessor-version":[{"id":980,"href":"https:\/\/www.nouveau.edu.mx\/santa\/wp-json\/wp\/v2\/pages\/519\/revisions\/980"}],"wp:attachment":[{"href":"https:\/\/www.nouveau.edu.mx\/santa\/wp-json\/wp\/v2\/media?parent=519"}],"curies":[{"name":"wp","href":"https:\/\/api.w.org\/{rel}","templated":true}]}}