{"id":815,"date":"2021-02-15T05:03:30","date_gmt":"2021-02-15T05:03:30","guid":{"rendered":"https:\/\/www.nouveau.edu.mx\/santa\/?page_id=815"},"modified":"2024-06-06T07:26:25","modified_gmt":"2024-06-06T07:26:25","slug":"preparatoria","status":"publish","type":"page","link":"https:\/\/www.nouveau.edu.mx\/santa\/preparatoria\/","title":{"rendered":"Preparatoria"},"content":{"rendered":"<div class=\"slider-wrapper relative\" id=\"slider-586176780\" >\n    <div class=\"slider slider-nav-circle slider-nav-normal slider-nav-light slider-style-normal\"\n        data-flickity-options='{\n            \"cellAlign\": \"center\",\n            \"imagesLoaded\": true,\n            \"lazyLoad\": 1,\n            \"freeScroll\": false,\n            \"wrapAround\": true,\n            \"autoPlay\": 6000,\n            \"pauseAutoPlayOnHover\" : true,\n            \"prevNextButtons\": true,\n            \"contain\" : true,\n            \"adaptiveHeight\" : true,\n            \"dragThreshold\" : 10,\n            \"percentPosition\": true,\n            \"pageDots\": true,\n            \"rightToLeft\": false,\n            \"draggable\": true,\n            \"selectedAttraction\": 0.1,\n            \"parallax\" : 0,\n            \"friction\": 0.6        }'\n        >\n        \n\n  <div class=\"banner has-hover\" id=\"banner-30460929\">\n          <div class=\"banner-inner fill\">\n        <div class=\"banner-bg fill\" >\n            <div class=\"bg fill bg-fill \"><\/div>\n                                    \n                    <\/div>\n        <div class=\"banner-layers container\">\n            <div class=\"fill banner-link\"><\/div>            \n   <div id=\"text-box-2025585167\" class=\"text-box banner-layer x0 md-x0 lg-x0 y95 md-y50 lg-y50 res-text\">\n                                <div class=\"text \">\n              \n              <div class=\"text-inner text-left\">\n                  \n<div class=\"row row-small\"  id=\"row-1031044487\">\n\n\t<div id=\"col-797711017\" class=\"col col-spb medium-5 small-4 large-5\"  >\n\t\t<div class=\"col-inner\"  >\n\t\t\t\n\t\t\t\n\t<div class=\"img has-hover x md-x lg-x y md-y lg-y\" id=\"image_1418363388\">\n\t\t\t\t\t\t\t\t<div class=\"img-inner dark\" >\n\t\t\t<img loading=\"lazy\" decoding=\"async\" width=\"400\" height=\"400\" src=\"https:\/\/www.nouveau.edu.mx\/santa\/wp-content\/uploads\/2023\/04\/Nouveau-high.png\" class=\"attachment-large size-large\" alt=\"\" srcset=\"https:\/\/www.nouveau.edu.mx\/santa\/wp-content\/uploads\/2023\/04\/Nouveau-high.png 400w, https:\/\/www.nouveau.edu.mx\/santa\/wp-content\/uploads\/2023\/04\/Nouveau-high-300x300.png 300w, https:\/\/www.nouveau.edu.mx\/santa\/wp-content\/uploads\/2023\/04\/Nouveau-high-150x150.png 150w\" sizes=\"(max-width: 400px) 100vw, 400px\" \/>\t\t\t\t\t\t\n\t\t\t\t\t<\/div>\n\t\t\t\t\t\t\t\t\n<style>\n#image_1418363388 {\n  width: 100%;\n}\n@media (min-width:550px) {\n  #image_1418363388 {\n    width: 100%;\n  }\n}\n<\/style>\n\t<\/div>\n\t\n\t\t<\/div>\n\t\t\t<\/div>\n\n\t\n\n\t<div id=\"col-1850840312\" class=\"col col-spb medium-7 small-8 large-7\"  >\n\t\t<div class=\"col-inner\"  >\n\t\t\t\n\t\t\t\n<h6>Niveles Acad\u00e9micos<\/h6>\n<p class=\"h2\" style=\"margin: 0;\" data-line-height=\"m\"><span style=\"color: #222060;\"><strong>Preparatoria<\/strong><\/span><\/p>\n\t\t<\/div>\n\t\t\t<\/div>\n\n\t\n<\/div>\n              <\/div>\n           <\/div>\n                            \n<style>\n#text-box-2025585167 .text {\n  background-color: rgba(255, 255, 255, 0.94);\n  border-radius: 40px;\n  font-size: 100%;\n}\n#text-box-2025585167 .text-inner {\n  padding: 30px 30px 30px 30px;\n}\n#text-box-2025585167 {\n  width: 90%;\n}\n@media (min-width:550px) {\n  #text-box-2025585167 {\n    width: 35%;\n  }\n}\n<\/style>\n    <\/div>\n \n        <\/div>\n      <\/div>\n\n            \n<style>\n#banner-30460929 {\n  padding-top: 437px;\n}\n#banner-30460929 .bg.bg-loaded {\n  background-image: url(https:\/\/www.nouveau.edu.mx\/santa\/wp-content\/uploads\/2021\/02\/prepa-nouveau.jpg);\n}\n#banner-30460929 .bg {\n  background-position: 65% 43%;\n}\n<\/style>\n  <\/div>\n\n\n     <\/div>\n\n     <div class=\"loading-spin dark large centered\"><\/div>\n\n     <\/div>\n\n\n\t<section class=\"section\" id=\"section_382497900\">\n\t\t<div class=\"bg section-bg fill bg-fill  bg-loaded\" >\n\n\t\t\t\n\t\t\t<div class=\"section-bg-overlay absolute fill\"><\/div>\n\t\t\t\n\n\t\t<\/div>\n\n\t\t<div class=\"section-content relative\">\n\t\t\t\n<div class=\"row row-large align-middle\"  id=\"row-274784400\">\n\n\t<div id=\"col-1471774869\" class=\"col small-12 large-12\"  >\n\t\t<div class=\"col-inner text-left\"  >\n\t\t\t\n\t\t\t\n<p>La etapa que nuestros j\u00f3venes viven en Preparatoria es un paso clave para seguir en su formaci\u00f3n personal, acad\u00e9mica y profesional, donde acompa\u00f1amos al Alumno en su proceso de maduraci\u00f3n, el cual se ve reflejado en una consolidaci\u00f3n de car\u00e1cter para su pr\u00f3xima edad Adulta, obteniendo en Prepa Nouveau las herramientas necesarias para la elecci\u00f3n de su Futuro Acad\u00e9mico Universitario, as\u00ed como una valoraci\u00f3n personal que lo lleve a desarrollar habilidades sociales ense\u00f1ando mediante la pr\u00e1ctica a ser tolerantes y trabajar tanto individual como en equipo.<\/p>\n<p>En nuestra Educaci\u00f3n de Bachillerato se ampl\u00edan los conocimientos, las competencias y las habilidades de los j\u00f3venes a fin de que nuestros egresados sean transformadores constantes de nuestra sociedad, para la obtenci\u00f3n de un bienestar personal y social que se ve reflejado en el resto de su vida.<\/p>\n<p>Dentro de nuestro plan acad\u00e9mico tenemos como misi\u00f3n el formar j\u00f3venes Emprendedores con sentido Humano que sean responsables, \u00edntegros y positivos buscando siempre un sentido de trascendencia conscientes de sus habilidades personales y con bases s\u00f3lidas de Administraci\u00f3n, as\u00ed como Tecnolog\u00edas de la Informaci\u00f3n.<\/p>\n<p>Ense\u00f1ar a nuestros alumnos de Preparatoria Nouveau el apreciar lo que tienen, el vivir alegres cada d\u00eda y el sentirse agradecidos con ello, es importante en esta etapa de Bachillerato.<\/p>\n<div class=\"row\"  id=\"row-1028584809\">\n\n\t<div id=\"col-19184332\" class=\"col medium-6 small-12 large-6\"  >\n\t\t<div class=\"col-inner\"  >\n\t\t\t\n\t\t\t\n<div class=\"container section-title-container\" ><h2 class=\"section-title section-title-normal\"><b><\/b><span class=\"section-title-main\" style=\"color:rgb(34, 32, 96);\">PLAN DE ESTUDIOS<\/span><b><\/b><\/h2><\/div>\n<ul>\n<li>Avalado por la Secretaria de Educaci\u00f3n P\u00fablica.<\/li>\n<li>Nuestro Plan de Estudios es de manera Semestral<\/li>\n<li>Curricula Tradicional enriquecida con clases de vanguardia.<\/li>\n<li>Detecci\u00f3n de habilidades que le brinden bienestar.<\/li>\n<li>Asesor\u00edas personalizadas sin costo alguno.<\/li>\n<li>Becas Universitarias en Instituciones Aliadas.<\/li>\n<li>Incluye cursos de Inducci\u00f3n a Prepa Nouveau.<\/li>\n<\/ul>\n\t<div id=\"text-1664686847\" class=\"text\">\n\t\t\n<p><strong>Incorporados a la<\/strong><br \/>\n\t\t\n<style>\n#text-1664686847 {\n  font-size: 1.5rem;\n  line-height: 1;\n  text-align: left;\n}\n<\/style>\n\t<\/div>\n\t\n\t<div class=\"img has-hover x md-x lg-x y md-y lg-y\" id=\"image_1220515133\">\n\t\t\t\t\t\t\t\t<div class=\"img-inner dark\" >\n\t\t\t<img loading=\"lazy\" decoding=\"async\" width=\"1020\" height=\"302\" src=\"https:\/\/www.nouveau.edu.mx\/santa\/wp-content\/uploads\/2023\/07\/uanl-1024x303.png\" class=\"attachment-large size-large\" alt=\"\" srcset=\"https:\/\/www.nouveau.edu.mx\/santa\/wp-content\/uploads\/2023\/07\/uanl-1024x303.png 1024w, https:\/\/www.nouveau.edu.mx\/santa\/wp-content\/uploads\/2023\/07\/uanl-300x89.png 300w, https:\/\/www.nouveau.edu.mx\/santa\/wp-content\/uploads\/2023\/07\/uanl-768x227.png 768w, https:\/\/www.nouveau.edu.mx\/santa\/wp-content\/uploads\/2023\/07\/uanl.png 1100w\" sizes=\"(max-width: 1020px) 100vw, 1020px\" \/>\t\t\t\t\t\t\n\t\t\t\t\t<\/div>\n\t\t\t\t\t\t\t\t\n<style>\n#image_1220515133 {\n  width: 79%;\n}\n<\/style>\n\t<\/div>\n\t\n\t\t<\/div>\n\t\t\t<\/div>\n\n\t\n\n\t<div id=\"col-1456526733\" class=\"col medium-6 small-12 large-6\"  >\n\t\t<div class=\"col-inner\"  >\n\t\t\t\n\t\t\t\n<div class=\"container section-title-container\" ><h2 class=\"section-title section-title-normal\"><b><\/b><span class=\"section-title-main\" style=\"color:rgb(34, 32, 96);\">REQUISITOS DE INSCRIPCI\u00d3N<\/span><b><\/b><\/h2><\/div>\n<ul>\n<li><span style=\"color: #0000ff;\"><a style=\"color: #0000ff;\" href=\"https:\/\/docs.google.com\/forms\/d\/e\/1FAIpQLSfvhqdOUQPFHGMsg3GAn2D5KgZAk3TR6HjyJ4LAGzdnnavXZg\/viewform\" target=\"_blank\" rel=\"noopener noreferrer\">Llenar la Solicitud de Inscripci\u00f3n Online.<\/a><\/span><\/li>\n<li>Entrevista presencial o virtual a los Padres de Familia y Alumno(s).<\/li>\n<li>Firmar la Carta Responsiva.<\/li>\n<li>Copia del Certificado de Secundaria.<\/li>\n<li>Copia del Acta de Nacimiento.<\/li>\n<li>Comprobante actual del Domicilio.<\/li>\n<li>Copia del INE de ambos Padres.<\/li>\n<li>Carta de Buena Conducta.<\/li>\n<li>Certificado Parcial (solo para ingresar a semestre irregular)<\/li>\n<li>Entrega de Papeler\u00eda.<\/li>\n<li>Realizar pago de Inscripci\u00f3n.<\/li>\n<\/ul>\n\t\t<\/div>\n\t\t\t<\/div>\n\n\t\n<\/div>\n<div class=\"row\"  id=\"row-1017886287\">\n\n\t<div id=\"col-564550403\" class=\"col small-12 large-12\"  >\n\t\t<div class=\"col-inner\"  >\n\t\t\t\n\t\t\t\n<div class=\"container section-title-container\" ><h2 class=\"section-title section-title-normal\"><b><\/b><span class=\"section-title-main\" style=\"color:rgb(34, 32, 96);\">TOUR VIRTUAL<\/span><b><\/b><\/h2><\/div>\n<div class=\"video video-fit mb\" style=\"padding-top:56.25%;\"><p><iframe loading=\"lazy\" title=\"TOUR VIRTUAL PREPA 2024\" width=\"1020\" height=\"574\" src=\"https:\/\/www.youtube.com\/embed\/qYRGVSJ9tTU?feature=oembed\" frameborder=\"0\" allow=\"accelerometer; autoplay; clipboard-write; encrypted-media; gyroscope; picture-in-picture; web-share\" referrerpolicy=\"strict-origin-when-cross-origin\" allowfullscreen><\/iframe><\/p>\n<\/div>\n\t\t<\/div>\n\t\t\t<\/div>\n\n\t\n<\/div>\n\t\t<\/div>\n\t\t\t<\/div>\n\n\t\n<\/div>\n\t\t<\/div>\n\n\t\t\n<style>\n#section_382497900 {\n  padding-top: 60px;\n  padding-bottom: 60px;\n  background-color: rgb(255, 255, 255);\n}\n#section_382497900 .section-bg-overlay {\n  background-color: rgba(255, 255, 255, 0.85);\n}\n<\/style>\n\t<\/section>\n\t\n\n","protected":false},"excerpt":{"rendered":"","protected":false},"author":2,"featured_media":0,"parent":0,"menu_order":0,"comment_status":"closed","ping_status":"closed","template":"page-blank.php","meta":{"footnotes":""},"class_list":["post-815","page","type-page","status-publish","hentry"],"_links":{"self":[{"href":"https:\/\/www.nouveau.edu.mx\/santa\/wp-json\/wp\/v2\/pages\/815"}],"collection":[{"href":"https:\/\/www.nouveau.edu.mx\/santa\/wp-json\/wp\/v2\/pages"}],"about":[{"href":"https:\/\/www.nouveau.edu.mx\/santa\/wp-json\/wp\/v2\/types\/page"}],"author":[{"embeddable":true,"href":"https:\/\/www.nouveau.edu.mx\/santa\/wp-json\/wp\/v2\/users\/2"}],"replies":[{"embeddable":true,"href":"https:\/\/www.nouveau.edu.mx\/santa\/wp-json\/wp\/v2\/comments?post=815"}],"version-history":[{"count":17,"href":"https:\/\/www.nouveau.edu.mx\/santa\/wp-json\/wp\/v2\/pages\/815\/revisions"}],"predecessor-version":[{"id":1086,"href":"https:\/\/www.nouveau.edu.mx\/santa\/wp-json\/wp\/v2\/pages\/815\/revisions\/1086"}],"wp:attachment":[{"href":"https:\/\/www.nouveau.edu.mx\/santa\/wp-json\/wp\/v2\/media?parent=815"}],"curies":[{"name":"wp","href":"https:\/\/api.w.org\/{rel}","templated":true}]}}